{"id":1377,"date":"2022-03-11T19:35:02","date_gmt":"2022-03-11T19:35:02","guid":{"rendered":"https:\/\/www.pelikanbasim.com\/puzzle\/"},"modified":"2022-12-31T19:58:56","modified_gmt":"2022-12-31T19:58:56","slug":"casse-tete","status":"publish","type":"page","link":"https:\/\/www.pelikanbasim.com\/fr\/casse-tete\/","title":{"rendered":"CASSE-T\u00caTE"},"content":{"rendered":"","protected":false},"excerpt":{"rendered":"","protected":false},"author":1,"featured_media":1316,"parent":0,"menu_order":0,"comment_status":"closed","ping_status":"closed","template":"","meta":{"inline_featured_image":false,"footnotes":""},"class_list":["post-1377","page","type-page","status-publish","has-post-thumbnail","hentry"],"meta_box":{"kategori_galeri":[{"width":150,"height":150,"file":"2022\/03\/puzzle-4.jpg","sizes":{"medium":{"file":"puzzle-4-300x300.jpg","width":300,"height":300,"mime-type":"image\/jpeg","url":"https:\/\/www.pelikanbasim.com\/wp-content\/uploads\/2022\/03\/puzzle-4-300x300.jpg"},"large":{"file":"puzzle-4-1024x1024.jpg","width":1024,"height":1024,"mime-type":"image\/jpeg","url":"https:\/\/www.pelikanbasim.com\/wp-content\/uploads\/2022\/03\/puzzle-4-1024x1024.jpg"},"thumbnail":{"file":"puzzle-4-150x150.jpg","width":150,"height":150,"mime-type":"image\/jpeg","url":"https:\/\/www.pelikanbasim.com\/wp-content\/uploads\/2022\/03\/puzzle-4-150x150.jpg"},"medium_large":{"file":"puzzle-4-768x768.jpg","width":768,"height":768,"mime-type":"image\/jpeg","url":"https:\/\/www.pelikanbasim.com\/wp-content\/uploads\/2022\/03\/puzzle-4-768x768.jpg"}},"image_meta":{"aperture":"0","credit":"","camera":"","caption":"","created_timestamp":"0","copyright":"","focal_length":"0","iso":"0","shutter_speed":"0","title":"","orientation":"0","keywords":[]},"ID":"224","name":"puzzle-4.jpg","path":"\/var\/www\/vhosts\/pelikanbasim.com\/httpdocs\/wp-content\/uploads\/2022\/03\/puzzle-4.jpg","url":"https:\/\/www.pelikanbasim.com\/wp-content\/uploads\/2022\/03\/puzzle-4-150x150.jpg","full_url":"https:\/\/www.pelikanbasim.com\/wp-content\/uploads\/2022\/03\/puzzle-4.jpg","title":"puzzle-4","caption":"","description":"","alt":"","srcset":"https:\/\/www.pelikanbasim.com\/wp-content\/uploads\/2022\/03\/puzzle-4-150x150.jpg 150w, https:\/\/www.pelikanbasim.com\/wp-content\/uploads\/2022\/03\/puzzle-4-300x300.jpg 300w, https:\/\/www.pelikanbasim.com\/wp-content\/uploads\/2022\/03\/puzzle-4-1024x1024.jpg 1024w, https:\/\/www.pelikanbasim.com\/wp-content\/uploads\/2022\/03\/puzzle-4-768x768.jpg 768w, https:\/\/www.pelikanbasim.com\/wp-content\/uploads\/2022\/03\/puzzle-4.jpg 1080w"},{"width":150,"height":150,"file":"2022\/03\/puzzle-3.jpg","sizes":{"medium":{"file":"puzzle-3-300x300.jpg","width":300,"height":300,"mime-type":"image\/jpeg","url":"https:\/\/www.pelikanbasim.com\/wp-content\/uploads\/2022\/03\/puzzle-3-300x300.jpg"},"large":{"file":"puzzle-3-1024x1024.jpg","width":1024,"height":1024,"mime-type":"image\/jpeg","url":"https:\/\/www.pelikanbasim.com\/wp-content\/uploads\/2022\/03\/puzzle-3-1024x1024.jpg"},"thumbnail":{"file":"puzzle-3-150x150.jpg","width":150,"height":150,"mime-type":"image\/jpeg","url":"https:\/\/www.pelikanbasim.com\/wp-content\/uploads\/2022\/03\/puzzle-3-150x150.jpg"},"medium_large":{"file":"puzzle-3-768x768.jpg","width":768,"height":768,"mime-type":"image\/jpeg","url":"https:\/\/www.pelikanbasim.com\/wp-content\/uploads\/2022\/03\/puzzle-3-768x768.jpg"}},"image_meta":{"aperture":"0","credit":"","camera":"","caption":"","created_timestamp":"0","copyright":"","focal_length":"0","iso":"0","shutter_speed":"0","title":"","orientation":"0","keywords":[]},"ID":"230","name":"puzzle-3.jpg","path":"\/var\/www\/vhosts\/pelikanbasim.com\/httpdocs\/wp-content\/uploads\/2022\/03\/puzzle-3.jpg","url":"https:\/\/www.pelikanbasim.com\/wp-content\/uploads\/2022\/03\/puzzle-3-150x150.jpg","full_url":"https:\/\/www.pelikanbasim.com\/wp-content\/uploads\/2022\/03\/puzzle-3.jpg","title":"puzzle-3","caption":"","description":"","alt":"","srcset":"https:\/\/www.pelikanbasim.com\/wp-content\/uploads\/2022\/03\/puzzle-3-150x150.jpg 150w, https:\/\/www.pelikanbasim.com\/wp-content\/uploads\/2022\/03\/puzzle-3-300x300.jpg 300w, https:\/\/www.pelikanbasim.com\/wp-content\/uploads\/2022\/03\/puzzle-3-1024x1024.jpg 1024w, https:\/\/www.pelikanbasim.com\/wp-content\/uploads\/2022\/03\/puzzle-3-768x768.jpg 768w, https:\/\/www.pelikanbasim.com\/wp-content\/uploads\/2022\/03\/puzzle-3.jpg 1080w"},{"width":150,"height":150,"file":"2022\/03\/puzzle-2.jpg","sizes":{"medium":{"file":"puzzle-2-300x300.jpg","width":300,"height":300,"mime-type":"image\/jpeg","url":"https:\/\/www.pelikanbasim.com\/wp-content\/uploads\/2022\/03\/puzzle-2-300x300.jpg"},"large":{"file":"puzzle-2-1024x1024.jpg","width":1024,"height":1024,"mime-type":"image\/jpeg","url":"https:\/\/www.pelikanbasim.com\/wp-content\/uploads\/2022\/03\/puzzle-2-1024x1024.jpg"},"thumbnail":{"file":"puzzle-2-150x150.jpg","width":150,"height":150,"mime-type":"image\/jpeg","url":"https:\/\/www.pelikanbasim.com\/wp-content\/uploads\/2022\/03\/puzzle-2-150x150.jpg"},"medium_large":{"file":"puzzle-2-768x768.jpg","width":768,"height":768,"mime-type":"image\/jpeg","url":"https:\/\/www.pelikanbasim.com\/wp-content\/uploads\/2022\/03\/puzzle-2-768x768.jpg"}},"image_meta":{"aperture":"0","credit":"","camera":"","caption":"","created_timestamp":"0","copyright":"","focal_length":"0","iso":"0","shutter_speed":"0","title":"","orientation":"0","keywords":[]},"ID":"231","name":"puzzle-2.jpg","path":"\/var\/www\/vhosts\/pelikanbasim.com\/httpdocs\/wp-content\/uploads\/2022\/03\/puzzle-2.jpg","url":"https:\/\/www.pelikanbasim.com\/wp-content\/uploads\/2022\/03\/puzzle-2-150x150.jpg","full_url":"https:\/\/www.pelikanbasim.com\/wp-content\/uploads\/2022\/03\/puzzle-2.jpg","title":"puzzle-2","caption":"","description":"","alt":"","srcset":"https:\/\/www.pelikanbasim.com\/wp-content\/uploads\/2022\/03\/puzzle-2-150x150.jpg 150w, https:\/\/www.pelikanbasim.com\/wp-content\/uploads\/2022\/03\/puzzle-2-300x300.jpg 300w, https:\/\/www.pelikanbasim.com\/wp-content\/uploads\/2022\/03\/puzzle-2-1024x1024.jpg 1024w, https:\/\/www.pelikanbasim.com\/wp-content\/uploads\/2022\/03\/puzzle-2-768x768.jpg 768w, https:\/\/www.pelikanbasim.com\/wp-content\/uploads\/2022\/03\/puzzle-2.jpg 1080w"},{"width":150,"height":150,"file":"2022\/03\/puzzle-1.jpg","sizes":{"medium":{"file":"puzzle-1-300x300.jpg","width":300,"height":300,"mime-type":"image\/jpeg","url":"https:\/\/www.pelikanbasim.com\/wp-content\/uploads\/2022\/03\/puzzle-1-300x300.jpg"},"large":{"file":"puzzle-1-1024x1024.jpg","width":1024,"height":1024,"mime-type":"image\/jpeg","url":"https:\/\/www.pelikanbasim.com\/wp-content\/uploads\/2022\/03\/puzzle-1-1024x1024.jpg"},"thumbnail":{"file":"puzzle-1-150x150.jpg","width":150,"height":150,"mime-type":"image\/jpeg","url":"https:\/\/www.pelikanbasim.com\/wp-content\/uploads\/2022\/03\/puzzle-1-150x150.jpg"},"medium_large":{"file":"puzzle-1-768x768.jpg","width":768,"height":768,"mime-type":"image\/jpeg","url":"https:\/\/www.pelikanbasim.com\/wp-content\/uploads\/2022\/03\/puzzle-1-768x768.jpg"}},"image_meta":{"aperture":"0","credit":"","camera":"","caption":"","created_timestamp":"0","copyright":"","focal_length":"0","iso":"0","shutter_speed":"0","title":"","orientation":"0","keywords":[]},"ID":"239","name":"puzzle-1.jpg","path":"\/var\/www\/vhosts\/pelikanbasim.com\/httpdocs\/wp-content\/uploads\/2022\/03\/puzzle-1.jpg","url":"https:\/\/www.pelikanbasim.com\/wp-content\/uploads\/2022\/03\/puzzle-1-150x150.jpg","full_url":"https:\/\/www.pelikanbasim.com\/wp-content\/uploads\/2022\/03\/puzzle-1.jpg","title":"puzzle-1","caption":"","description":"","alt":"","srcset":"https:\/\/www.pelikanbasim.com\/wp-content\/uploads\/2022\/03\/puzzle-1-150x150.jpg 150w, https:\/\/www.pelikanbasim.com\/wp-content\/uploads\/2022\/03\/puzzle-1-300x300.jpg 300w, https:\/\/www.pelikanbasim.com\/wp-content\/uploads\/2022\/03\/puzzle-1-1024x1024.jpg 1024w, https:\/\/www.pelikanbasim.com\/wp-content\/uploads\/2022\/03\/puzzle-1-768x768.jpg 768w, https:\/\/www.pelikanbasim.com\/wp-content\/uploads\/2022\/03\/puzzle-1.jpg 1080w"},{"width":150,"height":150,"file":"2022\/03\/oyun-karti-2.jpg","sizes":{"medium":{"file":"oyun-karti-2-300x300.jpg","width":300,"height":300,"mime-type":"image\/jpeg","url":"https:\/\/www.pelikanbasim.com\/wp-content\/uploads\/2022\/03\/oyun-karti-2-300x300.jpg"},"large":{"file":"oyun-karti-2-1024x1024.jpg","width":1024,"height":1024,"mime-type":"image\/jpeg","url":"https:\/\/www.pelikanbasim.com\/wp-content\/uploads\/2022\/03\/oyun-karti-2-1024x1024.jpg"},"thumbnail":{"file":"oyun-karti-2-150x150.jpg","width":150,"height":150,"mime-type":"image\/jpeg","url":"https:\/\/www.pelikanbasim.com\/wp-content\/uploads\/2022\/03\/oyun-karti-2-150x150.jpg"},"medium_large":{"file":"oyun-karti-2-768x768.jpg","width":768,"height":768,"mime-type":"image\/jpeg","url":"https:\/\/www.pelikanbasim.com\/wp-content\/uploads\/2022\/03\/oyun-karti-2-768x768.jpg"}},"image_meta":{"aperture":"0","credit":"","camera":"","caption":"","created_timestamp":"0","copyright":"","focal_length":"0","iso":"0","shutter_speed":"0","title":"","orientation":"0","keywords":[]},"ID":"247","name":"oyun-karti-2.jpg","path":"\/var\/www\/vhosts\/pelikanbasim.com\/httpdocs\/wp-content\/uploads\/2022\/03\/oyun-karti-2.jpg","url":"https:\/\/www.pelikanbasim.com\/wp-content\/uploads\/2022\/03\/oyun-karti-2-150x150.jpg","full_url":"https:\/\/www.pelikanbasim.com\/wp-content\/uploads\/2022\/03\/oyun-karti-2.jpg","title":"oyun-karti-2","caption":"","description":"","alt":"","srcset":"https:\/\/www.pelikanbasim.com\/wp-content\/uploads\/2022\/03\/oyun-karti-2-150x150.jpg 150w, https:\/\/www.pelikanbasim.com\/wp-content\/uploads\/2022\/03\/oyun-karti-2-300x300.jpg 300w, https:\/\/www.pelikanbasim.com\/wp-content\/uploads\/2022\/03\/oyun-karti-2-1024x1024.jpg 1024w, https:\/\/www.pelikanbasim.com\/wp-content\/uploads\/2022\/03\/oyun-karti-2-768x768.jpg 768w, https:\/\/www.pelikanbasim.com\/wp-content\/uploads\/2022\/03\/oyun-karti-2.jpg 1080w"},{"width":150,"height":150,"file":"2022\/03\/stand.jpg","sizes":{"medium":{"file":"stand-300x300.jpg","width":300,"height":300,"mime-type":"image\/jpeg","url":"https:\/\/www.pelikanbasim.com\/wp-content\/uploads\/2022\/03\/stand-300x300.jpg"},"large":{"file":"stand-1024x1024.jpg","width":1024,"height":1024,"mime-type":"image\/jpeg","url":"https:\/\/www.pelikanbasim.com\/wp-content\/uploads\/2022\/03\/stand-1024x1024.jpg"},"thumbnail":{"file":"stand-150x150.jpg","width":150,"height":150,"mime-type":"image\/jpeg","url":"https:\/\/www.pelikanbasim.com\/wp-content\/uploads\/2022\/03\/stand-150x150.jpg"},"medium_large":{"file":"stand-768x768.jpg","width":768,"height":768,"mime-type":"image\/jpeg","url":"https:\/\/www.pelikanbasim.com\/wp-content\/uploads\/2022\/03\/stand-768x768.jpg"}},"image_meta":{"aperture":"0","credit":"","camera":"","caption":"","created_timestamp":"0","copyright":"","focal_length":"0","iso":"0","shutter_speed":"0","title":"","orientation":"0","keywords":[]},"ID":"251","name":"stand.jpg","path":"\/var\/www\/vhosts\/pelikanbasim.com\/httpdocs\/wp-content\/uploads\/2022\/03\/stand.jpg","url":"https:\/\/www.pelikanbasim.com\/wp-content\/uploads\/2022\/03\/stand-150x150.jpg","full_url":"https:\/\/www.pelikanbasim.com\/wp-content\/uploads\/2022\/03\/stand.jpg","title":"stand","caption":"","description":"","alt":"","srcset":"https:\/\/www.pelikanbasim.com\/wp-content\/uploads\/2022\/03\/stand-150x150.jpg 150w, https:\/\/www.pelikanbasim.com\/wp-content\/uploads\/2022\/03\/stand-300x300.jpg 300w, https:\/\/www.pelikanbasim.com\/wp-content\/uploads\/2022\/03\/stand-1024x1024.jpg 1024w, https:\/\/www.pelikanbasim.com\/wp-content\/uploads\/2022\/03\/stand-768x768.jpg 768w, https:\/\/www.pelikanbasim.com\/wp-content\/uploads\/2022\/03\/stand.jpg 1080w"},{"width":150,"height":150,"file":"2022\/03\/oyun-karti-1.jpg","sizes":{"medium":{"file":"oyun-karti-1-300x300.jpg","width":300,"height":300,"mime-type":"image\/jpeg","url":"https:\/\/www.pelikanbasim.com\/wp-content\/uploads\/2022\/03\/oyun-karti-1-300x300.jpg"},"large":{"file":"oyun-karti-1-1024x1024.jpg","width":1024,"height":1024,"mime-type":"image\/jpeg","url":"https:\/\/www.pelikanbasim.com\/wp-content\/uploads\/2022\/03\/oyun-karti-1-1024x1024.jpg"},"thumbnail":{"file":"oyun-karti-1-150x150.jpg","width":150,"height":150,"mime-type":"image\/jpeg","url":"https:\/\/www.pelikanbasim.com\/wp-content\/uploads\/2022\/03\/oyun-karti-1-150x150.jpg"},"medium_large":{"file":"oyun-karti-1-768x768.jpg","width":768,"height":768,"mime-type":"image\/jpeg","url":"https:\/\/www.pelikanbasim.com\/wp-content\/uploads\/2022\/03\/oyun-karti-1-768x768.jpg"}},"image_meta":{"aperture":"0","credit":"","camera":"","caption":"","created_timestamp":"0","copyright":"","focal_length":"0","iso":"0","shutter_speed":"0","title":"","orientation":"0","keywords":[]},"ID":"252","name":"oyun-karti-1.jpg","path":"\/var\/www\/vhosts\/pelikanbasim.com\/httpdocs\/wp-content\/uploads\/2022\/03\/oyun-karti-1.jpg","url":"https:\/\/www.pelikanbasim.com\/wp-content\/uploads\/2022\/03\/oyun-karti-1-150x150.jpg","full_url":"https:\/\/www.pelikanbasim.com\/wp-content\/uploads\/2022\/03\/oyun-karti-1.jpg","title":"oyun-karti-1","caption":"","description":"","alt":"","srcset":"https:\/\/www.pelikanbasim.com\/wp-content\/uploads\/2022\/03\/oyun-karti-1-150x150.jpg 150w, https:\/\/www.pelikanbasim.com\/wp-content\/uploads\/2022\/03\/oyun-karti-1-300x300.jpg 300w, https:\/\/www.pelikanbasim.com\/wp-content\/uploads\/2022\/03\/oyun-karti-1-1024x1024.jpg 1024w, https:\/\/www.pelikanbasim.com\/wp-content\/uploads\/2022\/03\/oyun-karti-1-768x768.jpg 768w, https:\/\/www.pelikanbasim.com\/wp-content\/uploads\/2022\/03\/oyun-karti-1.jpg 1080w"}],"kategori_aciklamasi":"Un puzzle est un type de jouet dans lequel vous essayez de reconstituer une image ou une photographie compos\u00e9e de pi\u00e8ces. Il existe de nombreux types de puzzles, en fonction de leur difficult\u00e9, du nombre de pi\u00e8ces et de leur taille. Les pi\u00e8ces du puzzle n'ont pas de forme g\u00e9n\u00e9rale. Il existe de nombreuses marques qui produisent des puzzles. Les produits de diff\u00e9rentes marques peuvent varier l\u00e9g\u00e8rement. La qualit\u00e9 de la coupe, la vivacit\u00e9 des couleurs, le fait qu'une pi\u00e8ce ne s'adapte pas partout ailleurs peuvent varier d'une marque \u00e0 l'autre. Le degr\u00e9 de difficult\u00e9 d\u00e9pend du nombre de pi\u00e8ces et de couleurs. Par exemple, un puzzle comportant de nombreuses couleurs diff\u00e9rentes est beaucoup plus facile \u00e0 r\u00e9aliser qu'un puzzle en noir et blanc. Le degr\u00e9 de difficult\u00e9 et le temps de finition augmentent avec le nombre de pi\u00e8ces. Des puzzles de 50, 100, 150, 200, 500, 500, 1000, 1500, 2000, 3000 pi\u00e8ces sont couramment disponibles sur le march\u00e9. Il existe \u00e9galement des puzzles de 5 000, 10 000, 20 000 et 24 000 pi\u00e8ces. La fa\u00e7on la plus simple de fabriquer un puzzle est de cr\u00e9er d'abord son cadre.","kategori_imaji":[{"width":150,"height":150,"file":"2022\/03\/puzzle.png","sizes":{"medium":{"file":"puzzle-205x300.png","width":205,"height":300,"mime-type":"image\/png","url":"https:\/\/www.pelikanbasim.com\/wp-content\/uploads\/2022\/03\/puzzle-205x300.png"},"thumbnail":{"file":"puzzle-150x150.png","width":150,"height":150,"mime-type":"image\/png","url":"https:\/\/www.pelikanbasim.com\/wp-content\/uploads\/2022\/03\/puzzle-150x150.png"}},"image_meta":{"aperture":"0","credit":"","camera":"","caption":"","created_timestamp":"0","copyright":"","focal_length":"0","iso":"0","shutter_speed":"0","title":"","orientation":"0","keywords":[]},"ID":"293","name":"puzzle.png","path":"\/var\/www\/vhosts\/pelikanbasim.com\/httpdocs\/wp-content\/uploads\/2022\/03\/puzzle.png","url":"https:\/\/www.pelikanbasim.com\/wp-content\/uploads\/2022\/03\/puzzle-150x150.png","full_url":"https:\/\/www.pelikanbasim.com\/wp-content\/uploads\/2022\/03\/puzzle.png","title":"puzzle","caption":"","description":"","alt":"puzzle","srcset":false}],"kategori_aciklama_basligi":"LE PUZZLE EST PLUS AMUSANT AVEC NOUS","select_7nvzvvyvcsl":"60","anasayfa_galeri_grup":[]},"_links":{"self":[{"href":"https:\/\/www.pelikanbasim.com\/fr\/wp-json\/wp\/v2\/pages\/1377","targetHints":{"allow":["GET"]}}],"collection":[{"href":"https:\/\/www.pelikanbasim.com\/fr\/wp-json\/wp\/v2\/pages"}],"about":[{"href":"https:\/\/www.pelikanbasim.com\/fr\/wp-json\/wp\/v2\/types\/page"}],"author":[{"embeddable":true,"href":"https:\/\/www.pelikanbasim.com\/fr\/wp-json\/wp\/v2\/users\/1"}],"replies":[{"embeddable":true,"href":"https:\/\/www.pelikanbasim.com\/fr\/wp-json\/wp\/v2\/comments?post=1377"}],"version-history":[{"count":1,"href":"https:\/\/www.pelikanbasim.com\/fr\/wp-json\/wp\/v2\/pages\/1377\/revisions"}],"predecessor-version":[{"id":1379,"href":"https:\/\/www.pelikanbasim.com\/fr\/wp-json\/wp\/v2\/pages\/1377\/revisions\/1379"}],"wp:featuredmedia":[{"embeddable":true,"href":"https:\/\/www.pelikanbasim.com\/fr\/wp-json\/wp\/v2\/media\/1316"}],"wp:attachment":[{"href":"https:\/\/www.pelikanbasim.com\/fr\/wp-json\/wp\/v2\/media?parent=1377"}],"curies":[{"name":"wp","href":"https:\/\/api.w.org\/{rel}","templated":true}]}}