{"id":1371,"date":"2022-03-11T20:51:00","date_gmt":"2022-03-11T20:51:00","guid":{"rendered":"https:\/\/www.pelikanbasim.com\/kutu\/"},"modified":"2022-12-31T19:44:26","modified_gmt":"2022-12-31T19:44:26","slug":"boite","status":"publish","type":"page","link":"https:\/\/www.pelikanbasim.com\/fr\/boite\/","title":{"rendered":"BO\u00ceTE"},"content":{"rendered":"","protected":false},"excerpt":{"rendered":"","protected":false},"author":1,"featured_media":1326,"parent":0,"menu_order":0,"comment_status":"closed","ping_status":"closed","template":"","meta":{"inline_featured_image":false,"footnotes":""},"class_list":["post-1371","page","type-page","status-publish","has-post-thumbnail","hentry"],"meta_box":{"kategori_galeri":[{"width":150,"height":150,"file":"2022\/03\/oyun-karti-7.jpg","sizes":{"medium":{"file":"oyun-karti-7-300x300.jpg","width":300,"height":300,"mime-type":"image\/jpeg","url":"https:\/\/www.pelikanbasim.com\/wp-content\/uploads\/2022\/03\/oyun-karti-7-300x300.jpg"},"large":{"file":"oyun-karti-7-1024x1024.jpg","width":1024,"height":1024,"mime-type":"image\/jpeg","url":"https:\/\/www.pelikanbasim.com\/wp-content\/uploads\/2022\/03\/oyun-karti-7-1024x1024.jpg"},"thumbnail":{"file":"oyun-karti-7-150x150.jpg","width":150,"height":150,"mime-type":"image\/jpeg","url":"https:\/\/www.pelikanbasim.com\/wp-content\/uploads\/2022\/03\/oyun-karti-7-150x150.jpg"},"medium_large":{"file":"oyun-karti-7-768x768.jpg","width":768,"height":768,"mime-type":"image\/jpeg","url":"https:\/\/www.pelikanbasim.com\/wp-content\/uploads\/2022\/03\/oyun-karti-7-768x768.jpg"}},"image_meta":{"aperture":"0","credit":"","camera":"","caption":"","created_timestamp":"0","copyright":"","focal_length":"0","iso":"0","shutter_speed":"0","title":"","orientation":"0","keywords":[]},"ID":"220","name":"oyun-karti-7.jpg","path":"\/var\/www\/vhosts\/pelikanbasim.com\/httpdocs\/wp-content\/uploads\/2022\/03\/oyun-karti-7.jpg","url":"https:\/\/www.pelikanbasim.com\/wp-content\/uploads\/2022\/03\/oyun-karti-7-150x150.jpg","full_url":"https:\/\/www.pelikanbasim.com\/wp-content\/uploads\/2022\/03\/oyun-karti-7.jpg","title":"oyun-karti-7","caption":"","description":"","alt":"","srcset":"https:\/\/www.pelikanbasim.com\/wp-content\/uploads\/2022\/03\/oyun-karti-7-150x150.jpg 150w, https:\/\/www.pelikanbasim.com\/wp-content\/uploads\/2022\/03\/oyun-karti-7-300x300.jpg 300w, https:\/\/www.pelikanbasim.com\/wp-content\/uploads\/2022\/03\/oyun-karti-7-1024x1024.jpg 1024w, https:\/\/www.pelikanbasim.com\/wp-content\/uploads\/2022\/03\/oyun-karti-7-768x768.jpg 768w, https:\/\/www.pelikanbasim.com\/wp-content\/uploads\/2022\/03\/oyun-karti-7.jpg 1080w"},{"width":150,"height":150,"file":"2022\/03\/kitap-4.jpg","sizes":{"medium":{"file":"kitap-4-300x300.jpg","width":300,"height":300,"mime-type":"image\/jpeg","url":"https:\/\/www.pelikanbasim.com\/wp-content\/uploads\/2022\/03\/kitap-4-300x300.jpg"},"large":{"file":"kitap-4-1024x1024.jpg","width":1024,"height":1024,"mime-type":"image\/jpeg","url":"https:\/\/www.pelikanbasim.com\/wp-content\/uploads\/2022\/03\/kitap-4-1024x1024.jpg"},"thumbnail":{"file":"kitap-4-150x150.jpg","width":150,"height":150,"mime-type":"image\/jpeg","url":"https:\/\/www.pelikanbasim.com\/wp-content\/uploads\/2022\/03\/kitap-4-150x150.jpg"},"medium_large":{"file":"kitap-4-768x768.jpg","width":768,"height":768,"mime-type":"image\/jpeg","url":"https:\/\/www.pelikanbasim.com\/wp-content\/uploads\/2022\/03\/kitap-4-768x768.jpg"}},"image_meta":{"aperture":"0","credit":"","camera":"","caption":"","created_timestamp":"0","copyright":"","focal_length":"0","iso":"0","shutter_speed":"0","title":"","orientation":"0","keywords":[]},"ID":"221","name":"kitap-4.jpg","path":"\/var\/www\/vhosts\/pelikanbasim.com\/httpdocs\/wp-content\/uploads\/2022\/03\/kitap-4.jpg","url":"https:\/\/www.pelikanbasim.com\/wp-content\/uploads\/2022\/03\/kitap-4-150x150.jpg","full_url":"https:\/\/www.pelikanbasim.com\/wp-content\/uploads\/2022\/03\/kitap-4.jpg","title":"kitap-4","caption":"","description":"","alt":"","srcset":"https:\/\/www.pelikanbasim.com\/wp-content\/uploads\/2022\/03\/kitap-4-150x150.jpg 150w, https:\/\/www.pelikanbasim.com\/wp-content\/uploads\/2022\/03\/kitap-4-300x300.jpg 300w, https:\/\/www.pelikanbasim.com\/wp-content\/uploads\/2022\/03\/kitap-4-1024x1024.jpg 1024w, https:\/\/www.pelikanbasim.com\/wp-content\/uploads\/2022\/03\/kitap-4-768x768.jpg 768w, https:\/\/www.pelikanbasim.com\/wp-content\/uploads\/2022\/03\/kitap-4.jpg 1080w"},{"width":150,"height":150,"file":"2022\/03\/puzzle-4.jpg","sizes":{"medium":{"file":"puzzle-4-300x300.jpg","width":300,"height":300,"mime-type":"image\/jpeg","url":"https:\/\/www.pelikanbasim.com\/wp-content\/uploads\/2022\/03\/puzzle-4-300x300.jpg"},"large":{"file":"puzzle-4-1024x1024.jpg","width":1024,"height":1024,"mime-type":"image\/jpeg","url":"https:\/\/www.pelikanbasim.com\/wp-content\/uploads\/2022\/03\/puzzle-4-1024x1024.jpg"},"thumbnail":{"file":"puzzle-4-150x150.jpg","width":150,"height":150,"mime-type":"image\/jpeg","url":"https:\/\/www.pelikanbasim.com\/wp-content\/uploads\/2022\/03\/puzzle-4-150x150.jpg"},"medium_large":{"file":"puzzle-4-768x768.jpg","width":768,"height":768,"mime-type":"image\/jpeg","url":"https:\/\/www.pelikanbasim.com\/wp-content\/uploads\/2022\/03\/puzzle-4-768x768.jpg"}},"image_meta":{"aperture":"0","credit":"","camera":"","caption":"","created_timestamp":"0","copyright":"","focal_length":"0","iso":"0","shutter_speed":"0","title":"","orientation":"0","keywords":[]},"ID":"224","name":"puzzle-4.jpg","path":"\/var\/www\/vhosts\/pelikanbasim.com\/httpdocs\/wp-content\/uploads\/2022\/03\/puzzle-4.jpg","url":"https:\/\/www.pelikanbasim.com\/wp-content\/uploads\/2022\/03\/puzzle-4-150x150.jpg","full_url":"https:\/\/www.pelikanbasim.com\/wp-content\/uploads\/2022\/03\/puzzle-4.jpg","title":"puzzle-4","caption":"","description":"","alt":"","srcset":"https:\/\/www.pelikanbasim.com\/wp-content\/uploads\/2022\/03\/puzzle-4-150x150.jpg 150w, https:\/\/www.pelikanbasim.com\/wp-content\/uploads\/2022\/03\/puzzle-4-300x300.jpg 300w, https:\/\/www.pelikanbasim.com\/wp-content\/uploads\/2022\/03\/puzzle-4-1024x1024.jpg 1024w, https:\/\/www.pelikanbasim.com\/wp-content\/uploads\/2022\/03\/puzzle-4-768x768.jpg 768w, https:\/\/www.pelikanbasim.com\/wp-content\/uploads\/2022\/03\/puzzle-4.jpg 1080w"},{"width":150,"height":150,"file":"2022\/03\/katalog-13.jpg","sizes":{"medium":{"file":"katalog-13-300x300.jpg","width":300,"height":300,"mime-type":"image\/jpeg","url":"https:\/\/www.pelikanbasim.com\/wp-content\/uploads\/2022\/03\/katalog-13-300x300.jpg"},"large":{"file":"katalog-13-1024x1024.jpg","width":1024,"height":1024,"mime-type":"image\/jpeg","url":"https:\/\/www.pelikanbasim.com\/wp-content\/uploads\/2022\/03\/katalog-13-1024x1024.jpg"},"thumbnail":{"file":"katalog-13-150x150.jpg","width":150,"height":150,"mime-type":"image\/jpeg","url":"https:\/\/www.pelikanbasim.com\/wp-content\/uploads\/2022\/03\/katalog-13-150x150.jpg"},"medium_large":{"file":"katalog-13-768x768.jpg","width":768,"height":768,"mime-type":"image\/jpeg","url":"https:\/\/www.pelikanbasim.com\/wp-content\/uploads\/2022\/03\/katalog-13-768x768.jpg"}},"image_meta":{"aperture":"0","credit":"","camera":"","caption":"","created_timestamp":"0","copyright":"","focal_length":"0","iso":"0","shutter_speed":"0","title":"","orientation":"0","keywords":[]},"ID":"232","name":"katalog-13.jpg","path":"\/var\/www\/vhosts\/pelikanbasim.com\/httpdocs\/wp-content\/uploads\/2022\/03\/katalog-13.jpg","url":"https:\/\/www.pelikanbasim.com\/wp-content\/uploads\/2022\/03\/katalog-13-150x150.jpg","full_url":"https:\/\/www.pelikanbasim.com\/wp-content\/uploads\/2022\/03\/katalog-13.jpg","title":"katalog-13","caption":"","description":"","alt":"","srcset":"https:\/\/www.pelikanbasim.com\/wp-content\/uploads\/2022\/03\/katalog-13-150x150.jpg 150w, https:\/\/www.pelikanbasim.com\/wp-content\/uploads\/2022\/03\/katalog-13-300x300.jpg 300w, https:\/\/www.pelikanbasim.com\/wp-content\/uploads\/2022\/03\/katalog-13-1024x1024.jpg 1024w, https:\/\/www.pelikanbasim.com\/wp-content\/uploads\/2022\/03\/katalog-13-768x768.jpg 768w, https:\/\/www.pelikanbasim.com\/wp-content\/uploads\/2022\/03\/katalog-13.jpg 1080w"},{"width":150,"height":150,"file":"2022\/03\/puzzle-2.jpg","sizes":{"medium":{"file":"puzzle-2-300x300.jpg","width":300,"height":300,"mime-type":"image\/jpeg","url":"https:\/\/www.pelikanbasim.com\/wp-content\/uploads\/2022\/03\/puzzle-2-300x300.jpg"},"large":{"file":"puzzle-2-1024x1024.jpg","width":1024,"height":1024,"mime-type":"image\/jpeg","url":"https:\/\/www.pelikanbasim.com\/wp-content\/uploads\/2022\/03\/puzzle-2-1024x1024.jpg"},"thumbnail":{"file":"puzzle-2-150x150.jpg","width":150,"height":150,"mime-type":"image\/jpeg","url":"https:\/\/www.pelikanbasim.com\/wp-content\/uploads\/2022\/03\/puzzle-2-150x150.jpg"},"medium_large":{"file":"puzzle-2-768x768.jpg","width":768,"height":768,"mime-type":"image\/jpeg","url":"https:\/\/www.pelikanbasim.com\/wp-content\/uploads\/2022\/03\/puzzle-2-768x768.jpg"}},"image_meta":{"aperture":"0","credit":"","camera":"","caption":"","created_timestamp":"0","copyright":"","focal_length":"0","iso":"0","shutter_speed":"0","title":"","orientation":"0","keywords":[]},"ID":"231","name":"puzzle-2.jpg","path":"\/var\/www\/vhosts\/pelikanbasim.com\/httpdocs\/wp-content\/uploads\/2022\/03\/puzzle-2.jpg","url":"https:\/\/www.pelikanbasim.com\/wp-content\/uploads\/2022\/03\/puzzle-2-150x150.jpg","full_url":"https:\/\/www.pelikanbasim.com\/wp-content\/uploads\/2022\/03\/puzzle-2.jpg","title":"puzzle-2","caption":"","description":"","alt":"","srcset":"https:\/\/www.pelikanbasim.com\/wp-content\/uploads\/2022\/03\/puzzle-2-150x150.jpg 150w, https:\/\/www.pelikanbasim.com\/wp-content\/uploads\/2022\/03\/puzzle-2-300x300.jpg 300w, https:\/\/www.pelikanbasim.com\/wp-content\/uploads\/2022\/03\/puzzle-2-1024x1024.jpg 1024w, https:\/\/www.pelikanbasim.com\/wp-content\/uploads\/2022\/03\/puzzle-2-768x768.jpg 768w, https:\/\/www.pelikanbasim.com\/wp-content\/uploads\/2022\/03\/puzzle-2.jpg 1080w"},{"width":150,"height":150,"file":"2022\/03\/puzzle-3.jpg","sizes":{"medium":{"file":"puzzle-3-300x300.jpg","width":300,"height":300,"mime-type":"image\/jpeg","url":"https:\/\/www.pelikanbasim.com\/wp-content\/uploads\/2022\/03\/puzzle-3-300x300.jpg"},"large":{"file":"puzzle-3-1024x1024.jpg","width":1024,"height":1024,"mime-type":"image\/jpeg","url":"https:\/\/www.pelikanbasim.com\/wp-content\/uploads\/2022\/03\/puzzle-3-1024x1024.jpg"},"thumbnail":{"file":"puzzle-3-150x150.jpg","width":150,"height":150,"mime-type":"image\/jpeg","url":"https:\/\/www.pelikanbasim.com\/wp-content\/uploads\/2022\/03\/puzzle-3-150x150.jpg"},"medium_large":{"file":"puzzle-3-768x768.jpg","width":768,"height":768,"mime-type":"image\/jpeg","url":"https:\/\/www.pelikanbasim.com\/wp-content\/uploads\/2022\/03\/puzzle-3-768x768.jpg"}},"image_meta":{"aperture":"0","credit":"","camera":"","caption":"","created_timestamp":"0","copyright":"","focal_length":"0","iso":"0","shutter_speed":"0","title":"","orientation":"0","keywords":[]},"ID":"230","name":"puzzle-3.jpg","path":"\/var\/www\/vhosts\/pelikanbasim.com\/httpdocs\/wp-content\/uploads\/2022\/03\/puzzle-3.jpg","url":"https:\/\/www.pelikanbasim.com\/wp-content\/uploads\/2022\/03\/puzzle-3-150x150.jpg","full_url":"https:\/\/www.pelikanbasim.com\/wp-content\/uploads\/2022\/03\/puzzle-3.jpg","title":"puzzle-3","caption":"","description":"","alt":"","srcset":"https:\/\/www.pelikanbasim.com\/wp-content\/uploads\/2022\/03\/puzzle-3-150x150.jpg 150w, https:\/\/www.pelikanbasim.com\/wp-content\/uploads\/2022\/03\/puzzle-3-300x300.jpg 300w, https:\/\/www.pelikanbasim.com\/wp-content\/uploads\/2022\/03\/puzzle-3-1024x1024.jpg 1024w, https:\/\/www.pelikanbasim.com\/wp-content\/uploads\/2022\/03\/puzzle-3-768x768.jpg 768w, https:\/\/www.pelikanbasim.com\/wp-content\/uploads\/2022\/03\/puzzle-3.jpg 1080w"},{"width":150,"height":150,"file":"2022\/03\/oyun-karti-3.jpg","sizes":{"medium":{"file":"oyun-karti-3-300x300.jpg","width":300,"height":300,"mime-type":"image\/jpeg","url":"https:\/\/www.pelikanbasim.com\/wp-content\/uploads\/2022\/03\/oyun-karti-3-300x300.jpg"},"large":{"file":"oyun-karti-3-1024x1024.jpg","width":1024,"height":1024,"mime-type":"image\/jpeg","url":"https:\/\/www.pelikanbasim.com\/wp-content\/uploads\/2022\/03\/oyun-karti-3-1024x1024.jpg"},"thumbnail":{"file":"oyun-karti-3-150x150.jpg","width":150,"height":150,"mime-type":"image\/jpeg","url":"https:\/\/www.pelikanbasim.com\/wp-content\/uploads\/2022\/03\/oyun-karti-3-150x150.jpg"},"medium_large":{"file":"oyun-karti-3-768x768.jpg","width":768,"height":768,"mime-type":"image\/jpeg","url":"https:\/\/www.pelikanbasim.com\/wp-content\/uploads\/2022\/03\/oyun-karti-3-768x768.jpg"}},"image_meta":{"aperture":"0","credit":"","camera":"","caption":"","created_timestamp":"0","copyright":"","focal_length":"0","iso":"0","shutter_speed":"0","title":"","orientation":"0","keywords":[]},"ID":"229","name":"oyun-karti-3.jpg","path":"\/var\/www\/vhosts\/pelikanbasim.com\/httpdocs\/wp-content\/uploads\/2022\/03\/oyun-karti-3.jpg","url":"https:\/\/www.pelikanbasim.com\/wp-content\/uploads\/2022\/03\/oyun-karti-3-150x150.jpg","full_url":"https:\/\/www.pelikanbasim.com\/wp-content\/uploads\/2022\/03\/oyun-karti-3.jpg","title":"oyun-karti-3","caption":"","description":"","alt":"","srcset":"https:\/\/www.pelikanbasim.com\/wp-content\/uploads\/2022\/03\/oyun-karti-3-150x150.jpg 150w, https:\/\/www.pelikanbasim.com\/wp-content\/uploads\/2022\/03\/oyun-karti-3-300x300.jpg 300w, https:\/\/www.pelikanbasim.com\/wp-content\/uploads\/2022\/03\/oyun-karti-3-1024x1024.jpg 1024w, https:\/\/www.pelikanbasim.com\/wp-content\/uploads\/2022\/03\/oyun-karti-3-768x768.jpg 768w, https:\/\/www.pelikanbasim.com\/wp-content\/uploads\/2022\/03\/oyun-karti-3.jpg 1080w"},{"width":150,"height":150,"file":"2022\/03\/oyun-karti-5.jpg","sizes":{"medium":{"file":"oyun-karti-5-300x300.jpg","width":300,"height":300,"mime-type":"image\/jpeg","url":"https:\/\/www.pelikanbasim.com\/wp-content\/uploads\/2022\/03\/oyun-karti-5-300x300.jpg"},"large":{"file":"oyun-karti-5-1024x1024.jpg","width":1024,"height":1024,"mime-type":"image\/jpeg","url":"https:\/\/www.pelikanbasim.com\/wp-content\/uploads\/2022\/03\/oyun-karti-5-1024x1024.jpg"},"thumbnail":{"file":"oyun-karti-5-150x150.jpg","width":150,"height":150,"mime-type":"image\/jpeg","url":"https:\/\/www.pelikanbasim.com\/wp-content\/uploads\/2022\/03\/oyun-karti-5-150x150.jpg"},"medium_large":{"file":"oyun-karti-5-768x768.jpg","width":768,"height":768,"mime-type":"image\/jpeg","url":"https:\/\/www.pelikanbasim.com\/wp-content\/uploads\/2022\/03\/oyun-karti-5-768x768.jpg"}},"image_meta":{"aperture":"0","credit":"","camera":"","caption":"","created_timestamp":"0","copyright":"","focal_length":"0","iso":"0","shutter_speed":"0","title":"","orientation":"0","keywords":[]},"ID":"227","name":"oyun-karti-5.jpg","path":"\/var\/www\/vhosts\/pelikanbasim.com\/httpdocs\/wp-content\/uploads\/2022\/03\/oyun-karti-5.jpg","url":"https:\/\/www.pelikanbasim.com\/wp-content\/uploads\/2022\/03\/oyun-karti-5-150x150.jpg","full_url":"https:\/\/www.pelikanbasim.com\/wp-content\/uploads\/2022\/03\/oyun-karti-5.jpg","title":"oyun-karti-5","caption":"","description":"","alt":"","srcset":"https:\/\/www.pelikanbasim.com\/wp-content\/uploads\/2022\/03\/oyun-karti-5-150x150.jpg 150w, https:\/\/www.pelikanbasim.com\/wp-content\/uploads\/2022\/03\/oyun-karti-5-300x300.jpg 300w, https:\/\/www.pelikanbasim.com\/wp-content\/uploads\/2022\/03\/oyun-karti-5-1024x1024.jpg 1024w, https:\/\/www.pelikanbasim.com\/wp-content\/uploads\/2022\/03\/oyun-karti-5-768x768.jpg 768w, https:\/\/www.pelikanbasim.com\/wp-content\/uploads\/2022\/03\/oyun-karti-5.jpg 1080w"},{"width":150,"height":150,"file":"2022\/03\/oyun-karti-6.jpg","sizes":{"medium":{"file":"oyun-karti-6-300x300.jpg","width":300,"height":300,"mime-type":"image\/jpeg","url":"https:\/\/www.pelikanbasim.com\/wp-content\/uploads\/2022\/03\/oyun-karti-6-300x300.jpg"},"large":{"file":"oyun-karti-6-1024x1024.jpg","width":1024,"height":1024,"mime-type":"image\/jpeg","url":"https:\/\/www.pelikanbasim.com\/wp-content\/uploads\/2022\/03\/oyun-karti-6-1024x1024.jpg"},"thumbnail":{"file":"oyun-karti-6-150x150.jpg","width":150,"height":150,"mime-type":"image\/jpeg","url":"https:\/\/www.pelikanbasim.com\/wp-content\/uploads\/2022\/03\/oyun-karti-6-150x150.jpg"},"medium_large":{"file":"oyun-karti-6-768x768.jpg","width":768,"height":768,"mime-type":"image\/jpeg","url":"https:\/\/www.pelikanbasim.com\/wp-content\/uploads\/2022\/03\/oyun-karti-6-768x768.jpg"}},"image_meta":{"aperture":"0","credit":"","camera":"","caption":"","created_timestamp":"0","copyright":"","focal_length":"0","iso":"0","shutter_speed":"0","title":"","orientation":"0","keywords":[]},"ID":"226","name":"oyun-karti-6.jpg","path":"\/var\/www\/vhosts\/pelikanbasim.com\/httpdocs\/wp-content\/uploads\/2022\/03\/oyun-karti-6.jpg","url":"https:\/\/www.pelikanbasim.com\/wp-content\/uploads\/2022\/03\/oyun-karti-6-150x150.jpg","full_url":"https:\/\/www.pelikanbasim.com\/wp-content\/uploads\/2022\/03\/oyun-karti-6.jpg","title":"oyun-karti-6","caption":"","description":"","alt":"","srcset":"https:\/\/www.pelikanbasim.com\/wp-content\/uploads\/2022\/03\/oyun-karti-6-150x150.jpg 150w, https:\/\/www.pelikanbasim.com\/wp-content\/uploads\/2022\/03\/oyun-karti-6-300x300.jpg 300w, https:\/\/www.pelikanbasim.com\/wp-content\/uploads\/2022\/03\/oyun-karti-6-1024x1024.jpg 1024w, https:\/\/www.pelikanbasim.com\/wp-content\/uploads\/2022\/03\/oyun-karti-6-768x768.jpg 768w, https:\/\/www.pelikanbasim.com\/wp-content\/uploads\/2022\/03\/oyun-karti-6.jpg 1080w"},{"width":150,"height":150,"file":"2022\/03\/kutu-2.jpg","sizes":{"medium":{"file":"kutu-2-300x300.jpg","width":300,"height":300,"mime-type":"image\/jpeg","url":"https:\/\/www.pelikanbasim.com\/wp-content\/uploads\/2022\/03\/kutu-2-300x300.jpg"},"large":{"file":"kutu-2-1024x1024.jpg","width":1024,"height":1024,"mime-type":"image\/jpeg","url":"https:\/\/www.pelikanbasim.com\/wp-content\/uploads\/2022\/03\/kutu-2-1024x1024.jpg"},"thumbnail":{"file":"kutu-2-150x150.jpg","width":150,"height":150,"mime-type":"image\/jpeg","url":"https:\/\/www.pelikanbasim.com\/wp-content\/uploads\/2022\/03\/kutu-2-150x150.jpg"},"medium_large":{"file":"kutu-2-768x768.jpg","width":768,"height":768,"mime-type":"image\/jpeg","url":"https:\/\/www.pelikanbasim.com\/wp-content\/uploads\/2022\/03\/kutu-2-768x768.jpg"}},"image_meta":{"aperture":"0","credit":"","camera":"","caption":"","created_timestamp":"0","copyright":"","focal_length":"0","iso":"0","shutter_speed":"0","title":"","orientation":"0","keywords":[]},"ID":"225","name":"kutu-2.jpg","path":"\/var\/www\/vhosts\/pelikanbasim.com\/httpdocs\/wp-content\/uploads\/2022\/03\/kutu-2.jpg","url":"https:\/\/www.pelikanbasim.com\/wp-content\/uploads\/2022\/03\/kutu-2-150x150.jpg","full_url":"https:\/\/www.pelikanbasim.com\/wp-content\/uploads\/2022\/03\/kutu-2.jpg","title":"kutu-2","caption":"","description":"","alt":"","srcset":"https:\/\/www.pelikanbasim.com\/wp-content\/uploads\/2022\/03\/kutu-2-150x150.jpg 150w, https:\/\/www.pelikanbasim.com\/wp-content\/uploads\/2022\/03\/kutu-2-300x300.jpg 300w, https:\/\/www.pelikanbasim.com\/wp-content\/uploads\/2022\/03\/kutu-2-1024x1024.jpg 1024w, https:\/\/www.pelikanbasim.com\/wp-content\/uploads\/2022\/03\/kutu-2-768x768.jpg 768w, https:\/\/www.pelikanbasim.com\/wp-content\/uploads\/2022\/03\/kutu-2.jpg 1080w"},{"width":150,"height":150,"file":"2022\/03\/kutu-1.jpg","sizes":{"medium":{"file":"kutu-1-300x300.jpg","width":300,"height":300,"mime-type":"image\/jpeg","url":"https:\/\/www.pelikanbasim.com\/wp-content\/uploads\/2022\/03\/kutu-1-300x300.jpg"},"large":{"file":"kutu-1-1024x1024.jpg","width":1024,"height":1024,"mime-type":"image\/jpeg","url":"https:\/\/www.pelikanbasim.com\/wp-content\/uploads\/2022\/03\/kutu-1-1024x1024.jpg"},"thumbnail":{"file":"kutu-1-150x150.jpg","width":150,"height":150,"mime-type":"image\/jpeg","url":"https:\/\/www.pelikanbasim.com\/wp-content\/uploads\/2022\/03\/kutu-1-150x150.jpg"},"medium_large":{"file":"kutu-1-768x768.jpg","width":768,"height":768,"mime-type":"image\/jpeg","url":"https:\/\/www.pelikanbasim.com\/wp-content\/uploads\/2022\/03\/kutu-1-768x768.jpg"}},"image_meta":{"aperture":"0","credit":"","camera":"","caption":"","created_timestamp":"0","copyright":"","focal_length":"0","iso":"0","shutter_speed":"0","title":"","orientation":"0","keywords":[]},"ID":"243","name":"kutu-1.jpg","path":"\/var\/www\/vhosts\/pelikanbasim.com\/httpdocs\/wp-content\/uploads\/2022\/03\/kutu-1.jpg","url":"https:\/\/www.pelikanbasim.com\/wp-content\/uploads\/2022\/03\/kutu-1-150x150.jpg","full_url":"https:\/\/www.pelikanbasim.com\/wp-content\/uploads\/2022\/03\/kutu-1.jpg","title":"kutu-1","caption":"","description":"","alt":"","srcset":"https:\/\/www.pelikanbasim.com\/wp-content\/uploads\/2022\/03\/kutu-1-150x150.jpg 150w, https:\/\/www.pelikanbasim.com\/wp-content\/uploads\/2022\/03\/kutu-1-300x300.jpg 300w, https:\/\/www.pelikanbasim.com\/wp-content\/uploads\/2022\/03\/kutu-1-1024x1024.jpg 1024w, https:\/\/www.pelikanbasim.com\/wp-content\/uploads\/2022\/03\/kutu-1-768x768.jpg 768w, https:\/\/www.pelikanbasim.com\/wp-content\/uploads\/2022\/03\/kutu-1.jpg 1080w"},{"width":150,"height":150,"file":"2022\/03\/kitap-2.jpg","sizes":{"medium":{"file":"kitap-2-300x300.jpg","width":300,"height":300,"mime-type":"image\/jpeg","url":"https:\/\/www.pelikanbasim.com\/wp-content\/uploads\/2022\/03\/kitap-2-300x300.jpg"},"large":{"file":"kitap-2-1024x1024.jpg","width":1024,"height":1024,"mime-type":"image\/jpeg","url":"https:\/\/www.pelikanbasim.com\/wp-content\/uploads\/2022\/03\/kitap-2-1024x1024.jpg"},"thumbnail":{"file":"kitap-2-150x150.jpg","width":150,"height":150,"mime-type":"image\/jpeg","url":"https:\/\/www.pelikanbasim.com\/wp-content\/uploads\/2022\/03\/kitap-2-150x150.jpg"},"medium_large":{"file":"kitap-2-768x768.jpg","width":768,"height":768,"mime-type":"image\/jpeg","url":"https:\/\/www.pelikanbasim.com\/wp-content\/uploads\/2022\/03\/kitap-2-768x768.jpg"}},"image_meta":{"aperture":"0","credit":"","camera":"","caption":"","created_timestamp":"0","copyright":"","focal_length":"0","iso":"0","shutter_speed":"0","title":"","orientation":"0","keywords":[]},"ID":"244","name":"kitap-2.jpg","path":"\/var\/www\/vhosts\/pelikanbasim.com\/httpdocs\/wp-content\/uploads\/2022\/03\/kitap-2.jpg","url":"https:\/\/www.pelikanbasim.com\/wp-content\/uploads\/2022\/03\/kitap-2-150x150.jpg","full_url":"https:\/\/www.pelikanbasim.com\/wp-content\/uploads\/2022\/03\/kitap-2.jpg","title":"kitap-2","caption":"","description":"","alt":"","srcset":"https:\/\/www.pelikanbasim.com\/wp-content\/uploads\/2022\/03\/kitap-2-150x150.jpg 150w, https:\/\/www.pelikanbasim.com\/wp-content\/uploads\/2022\/03\/kitap-2-300x300.jpg 300w, https:\/\/www.pelikanbasim.com\/wp-content\/uploads\/2022\/03\/kitap-2-1024x1024.jpg 1024w, https:\/\/www.pelikanbasim.com\/wp-content\/uploads\/2022\/03\/kitap-2-768x768.jpg 768w, https:\/\/www.pelikanbasim.com\/wp-content\/uploads\/2022\/03\/kitap-2.jpg 1080w"},{"width":150,"height":150,"file":"2022\/03\/oyun-karti-2.jpg","sizes":{"medium":{"file":"oyun-karti-2-300x300.jpg","width":300,"height":300,"mime-type":"image\/jpeg","url":"https:\/\/www.pelikanbasim.com\/wp-content\/uploads\/2022\/03\/oyun-karti-2-300x300.jpg"},"large":{"file":"oyun-karti-2-1024x1024.jpg","width":1024,"height":1024,"mime-type":"image\/jpeg","url":"https:\/\/www.pelikanbasim.com\/wp-content\/uploads\/2022\/03\/oyun-karti-2-1024x1024.jpg"},"thumbnail":{"file":"oyun-karti-2-150x150.jpg","width":150,"height":150,"mime-type":"image\/jpeg","url":"https:\/\/www.pelikanbasim.com\/wp-content\/uploads\/2022\/03\/oyun-karti-2-150x150.jpg"},"medium_large":{"file":"oyun-karti-2-768x768.jpg","width":768,"height":768,"mime-type":"image\/jpeg","url":"https:\/\/www.pelikanbasim.com\/wp-content\/uploads\/2022\/03\/oyun-karti-2-768x768.jpg"}},"image_meta":{"aperture":"0","credit":"","camera":"","caption":"","created_timestamp":"0","copyright":"","focal_length":"0","iso":"0","shutter_speed":"0","title":"","orientation":"0","keywords":[]},"ID":"247","name":"oyun-karti-2.jpg","path":"\/var\/www\/vhosts\/pelikanbasim.com\/httpdocs\/wp-content\/uploads\/2022\/03\/oyun-karti-2.jpg","url":"https:\/\/www.pelikanbasim.com\/wp-content\/uploads\/2022\/03\/oyun-karti-2-150x150.jpg","full_url":"https:\/\/www.pelikanbasim.com\/wp-content\/uploads\/2022\/03\/oyun-karti-2.jpg","title":"oyun-karti-2","caption":"","description":"","alt":"","srcset":"https:\/\/www.pelikanbasim.com\/wp-content\/uploads\/2022\/03\/oyun-karti-2-150x150.jpg 150w, https:\/\/www.pelikanbasim.com\/wp-content\/uploads\/2022\/03\/oyun-karti-2-300x300.jpg 300w, https:\/\/www.pelikanbasim.com\/wp-content\/uploads\/2022\/03\/oyun-karti-2-1024x1024.jpg 1024w, https:\/\/www.pelikanbasim.com\/wp-content\/uploads\/2022\/03\/oyun-karti-2-768x768.jpg 768w, https:\/\/www.pelikanbasim.com\/wp-content\/uploads\/2022\/03\/oyun-karti-2.jpg 1080w"}],"kategori_aciklamasi":"Une bo\u00eete est un r\u00e9cipient, g\u00e9n\u00e9ralement sous la forme d'un cube ou d'un prisme rectangulaire, dot\u00e9 d'un fond plat et d'un couvercle[1]. Cependant, dans l'usage quotidien, des objets de g\u00e9om\u00e9tries tr\u00e8s diverses, utilis\u00e9s \u00e0 des fins tr\u00e8s diff\u00e9rentes, sont \u00e9galement appel\u00e9s bo\u00eetes pour faciliter leur identification. Les bo\u00eetes sont g\u00e9n\u00e9ralement fabriqu\u00e9es dans des mat\u00e9riaux durs et durables tels que le bois, le m\u00e9tal, le carton ou le plastique. Il est souvent utilis\u00e9 pour transporter ou stocker des objets.","kategori_imaji":[{"width":150,"height":150,"file":"2022\/03\/kutu.png","sizes":{"medium":{"file":"kutu-300x265.png","width":300,"height":265,"mime-type":"image\/png","url":"https:\/\/www.pelikanbasim.com\/wp-content\/uploads\/2022\/03\/kutu-300x265.png"},"thumbnail":{"file":"kutu-150x150.png","width":150,"height":150,"mime-type":"image\/png","url":"https:\/\/www.pelikanbasim.com\/wp-content\/uploads\/2022\/03\/kutu-150x150.png"}},"image_meta":{"aperture":"0","credit":"","camera":"","caption":"","created_timestamp":"0","copyright":"","focal_length":"0","iso":"0","shutter_speed":"0","title":"","orientation":"0","keywords":[]},"ID":"300","name":"kutu.png","path":"\/var\/www\/vhosts\/pelikanbasim.com\/httpdocs\/wp-content\/uploads\/2022\/03\/kutu.png","url":"https:\/\/www.pelikanbasim.com\/wp-content\/uploads\/2022\/03\/kutu-150x150.png","full_url":"https:\/\/www.pelikanbasim.com\/wp-content\/uploads\/2022\/03\/kutu.png","title":"kutu","caption":"","description":"","alt":"","srcset":false}],"kategori_aciklama_basligi":"DES BO\u00ceTES QUI APPORTENT UNE VALEUR AJOUT\u00c9E \u00c0 LEUR CONTENU","select_7nvzvvyvcsl":"60","anasayfa_galeri_grup":[]},"_links":{"self":[{"href":"https:\/\/www.pelikanbasim.com\/fr\/wp-json\/wp\/v2\/pages\/1371","targetHints":{"allow":["GET"]}}],"collection":[{"href":"https:\/\/www.pelikanbasim.com\/fr\/wp-json\/wp\/v2\/pages"}],"about":[{"href":"https:\/\/www.pelikanbasim.com\/fr\/wp-json\/wp\/v2\/types\/page"}],"author":[{"embeddable":true,"href":"https:\/\/www.pelikanbasim.com\/fr\/wp-json\/wp\/v2\/users\/1"}],"replies":[{"embeddable":true,"href":"https:\/\/www.pelikanbasim.com\/fr\/wp-json\/wp\/v2\/comments?post=1371"}],"version-history":[{"count":1,"href":"https:\/\/www.pelikanbasim.com\/fr\/wp-json\/wp\/v2\/pages\/1371\/revisions"}],"predecessor-version":[{"id":1373,"href":"https:\/\/www.pelikanbasim.com\/fr\/wp-json\/wp\/v2\/pages\/1371\/revisions\/1373"}],"wp:featuredmedia":[{"embeddable":true,"href":"https:\/\/www.pelikanbasim.com\/fr\/wp-json\/wp\/v2\/media\/1326"}],"wp:attachment":[{"href":"https:\/\/www.pelikanbasim.com\/fr\/wp-json\/wp\/v2\/media?parent=1371"}],"curies":[{"name":"wp","href":"https:\/\/api.w.org\/{rel}","templated":true}]}}