{"id":997,"date":"2022-03-11T19:35:02","date_gmt":"2022-03-11T19:35:02","guid":{"rendered":"https:\/\/www.pelikanbasim.com\/puzzle\/"},"modified":"2022-12-30T20:37:36","modified_gmt":"2022-12-30T20:37:36","slug":"puzzle","status":"publish","type":"page","link":"https:\/\/www.pelikanbasim.com\/de\/puzzle\/","title":{"rendered":"PUZZLE"},"content":{"rendered":"","protected":false},"excerpt":{"rendered":"","protected":false},"author":1,"featured_media":955,"parent":0,"menu_order":0,"comment_status":"closed","ping_status":"closed","template":"","meta":{"inline_featured_image":false,"footnotes":""},"class_list":["post-997","page","type-page","status-publish","has-post-thumbnail","hentry"],"meta_box":{"kategori_galeri":[{"width":150,"height":150,"file":"2022\/03\/puzzle-4.jpg","sizes":{"medium":{"file":"puzzle-4-300x300.jpg","width":300,"height":300,"mime-type":"image\/jpeg","url":"https:\/\/www.pelikanbasim.com\/wp-content\/uploads\/2022\/03\/puzzle-4-300x300.jpg"},"large":{"file":"puzzle-4-1024x1024.jpg","width":1024,"height":1024,"mime-type":"image\/jpeg","url":"https:\/\/www.pelikanbasim.com\/wp-content\/uploads\/2022\/03\/puzzle-4-1024x1024.jpg"},"thumbnail":{"file":"puzzle-4-150x150.jpg","width":150,"height":150,"mime-type":"image\/jpeg","url":"https:\/\/www.pelikanbasim.com\/wp-content\/uploads\/2022\/03\/puzzle-4-150x150.jpg"},"medium_large":{"file":"puzzle-4-768x768.jpg","width":768,"height":768,"mime-type":"image\/jpeg","url":"https:\/\/www.pelikanbasim.com\/wp-content\/uploads\/2022\/03\/puzzle-4-768x768.jpg"}},"image_meta":{"aperture":"0","credit":"","camera":"","caption":"","created_timestamp":"0","copyright":"","focal_length":"0","iso":"0","shutter_speed":"0","title":"","orientation":"0","keywords":[]},"ID":"224","name":"puzzle-4.jpg","path":"\/var\/www\/vhosts\/pelikanbasim.com\/httpdocs\/wp-content\/uploads\/2022\/03\/puzzle-4.jpg","url":"https:\/\/www.pelikanbasim.com\/wp-content\/uploads\/2022\/03\/puzzle-4-150x150.jpg","full_url":"https:\/\/www.pelikanbasim.com\/wp-content\/uploads\/2022\/03\/puzzle-4.jpg","title":"puzzle-4","caption":"","description":"","alt":"","srcset":"https:\/\/www.pelikanbasim.com\/wp-content\/uploads\/2022\/03\/puzzle-4-150x150.jpg 150w, https:\/\/www.pelikanbasim.com\/wp-content\/uploads\/2022\/03\/puzzle-4-300x300.jpg 300w, https:\/\/www.pelikanbasim.com\/wp-content\/uploads\/2022\/03\/puzzle-4-1024x1024.jpg 1024w, https:\/\/www.pelikanbasim.com\/wp-content\/uploads\/2022\/03\/puzzle-4-768x768.jpg 768w, https:\/\/www.pelikanbasim.com\/wp-content\/uploads\/2022\/03\/puzzle-4.jpg 1080w"},{"width":150,"height":150,"file":"2022\/03\/puzzle-3.jpg","sizes":{"medium":{"file":"puzzle-3-300x300.jpg","width":300,"height":300,"mime-type":"image\/jpeg","url":"https:\/\/www.pelikanbasim.com\/wp-content\/uploads\/2022\/03\/puzzle-3-300x300.jpg"},"large":{"file":"puzzle-3-1024x1024.jpg","width":1024,"height":1024,"mime-type":"image\/jpeg","url":"https:\/\/www.pelikanbasim.com\/wp-content\/uploads\/2022\/03\/puzzle-3-1024x1024.jpg"},"thumbnail":{"file":"puzzle-3-150x150.jpg","width":150,"height":150,"mime-type":"image\/jpeg","url":"https:\/\/www.pelikanbasim.com\/wp-content\/uploads\/2022\/03\/puzzle-3-150x150.jpg"},"medium_large":{"file":"puzzle-3-768x768.jpg","width":768,"height":768,"mime-type":"image\/jpeg","url":"https:\/\/www.pelikanbasim.com\/wp-content\/uploads\/2022\/03\/puzzle-3-768x768.jpg"}},"image_meta":{"aperture":"0","credit":"","camera":"","caption":"","created_timestamp":"0","copyright":"","focal_length":"0","iso":"0","shutter_speed":"0","title":"","orientation":"0","keywords":[]},"ID":"230","name":"puzzle-3.jpg","path":"\/var\/www\/vhosts\/pelikanbasim.com\/httpdocs\/wp-content\/uploads\/2022\/03\/puzzle-3.jpg","url":"https:\/\/www.pelikanbasim.com\/wp-content\/uploads\/2022\/03\/puzzle-3-150x150.jpg","full_url":"https:\/\/www.pelikanbasim.com\/wp-content\/uploads\/2022\/03\/puzzle-3.jpg","title":"puzzle-3","caption":"","description":"","alt":"","srcset":"https:\/\/www.pelikanbasim.com\/wp-content\/uploads\/2022\/03\/puzzle-3-150x150.jpg 150w, https:\/\/www.pelikanbasim.com\/wp-content\/uploads\/2022\/03\/puzzle-3-300x300.jpg 300w, https:\/\/www.pelikanbasim.com\/wp-content\/uploads\/2022\/03\/puzzle-3-1024x1024.jpg 1024w, https:\/\/www.pelikanbasim.com\/wp-content\/uploads\/2022\/03\/puzzle-3-768x768.jpg 768w, https:\/\/www.pelikanbasim.com\/wp-content\/uploads\/2022\/03\/puzzle-3.jpg 1080w"},{"width":150,"height":150,"file":"2022\/03\/puzzle-2.jpg","sizes":{"medium":{"file":"puzzle-2-300x300.jpg","width":300,"height":300,"mime-type":"image\/jpeg","url":"https:\/\/www.pelikanbasim.com\/wp-content\/uploads\/2022\/03\/puzzle-2-300x300.jpg"},"large":{"file":"puzzle-2-1024x1024.jpg","width":1024,"height":1024,"mime-type":"image\/jpeg","url":"https:\/\/www.pelikanbasim.com\/wp-content\/uploads\/2022\/03\/puzzle-2-1024x1024.jpg"},"thumbnail":{"file":"puzzle-2-150x150.jpg","width":150,"height":150,"mime-type":"image\/jpeg","url":"https:\/\/www.pelikanbasim.com\/wp-content\/uploads\/2022\/03\/puzzle-2-150x150.jpg"},"medium_large":{"file":"puzzle-2-768x768.jpg","width":768,"height":768,"mime-type":"image\/jpeg","url":"https:\/\/www.pelikanbasim.com\/wp-content\/uploads\/2022\/03\/puzzle-2-768x768.jpg"}},"image_meta":{"aperture":"0","credit":"","camera":"","caption":"","created_timestamp":"0","copyright":"","focal_length":"0","iso":"0","shutter_speed":"0","title":"","orientation":"0","keywords":[]},"ID":"231","name":"puzzle-2.jpg","path":"\/var\/www\/vhosts\/pelikanbasim.com\/httpdocs\/wp-content\/uploads\/2022\/03\/puzzle-2.jpg","url":"https:\/\/www.pelikanbasim.com\/wp-content\/uploads\/2022\/03\/puzzle-2-150x150.jpg","full_url":"https:\/\/www.pelikanbasim.com\/wp-content\/uploads\/2022\/03\/puzzle-2.jpg","title":"puzzle-2","caption":"","description":"","alt":"","srcset":"https:\/\/www.pelikanbasim.com\/wp-content\/uploads\/2022\/03\/puzzle-2-150x150.jpg 150w, https:\/\/www.pelikanbasim.com\/wp-content\/uploads\/2022\/03\/puzzle-2-300x300.jpg 300w, https:\/\/www.pelikanbasim.com\/wp-content\/uploads\/2022\/03\/puzzle-2-1024x1024.jpg 1024w, https:\/\/www.pelikanbasim.com\/wp-content\/uploads\/2022\/03\/puzzle-2-768x768.jpg 768w, https:\/\/www.pelikanbasim.com\/wp-content\/uploads\/2022\/03\/puzzle-2.jpg 1080w"},{"width":150,"height":150,"file":"2022\/03\/puzzle-1.jpg","sizes":{"medium":{"file":"puzzle-1-300x300.jpg","width":300,"height":300,"mime-type":"image\/jpeg","url":"https:\/\/www.pelikanbasim.com\/wp-content\/uploads\/2022\/03\/puzzle-1-300x300.jpg"},"large":{"file":"puzzle-1-1024x1024.jpg","width":1024,"height":1024,"mime-type":"image\/jpeg","url":"https:\/\/www.pelikanbasim.com\/wp-content\/uploads\/2022\/03\/puzzle-1-1024x1024.jpg"},"thumbnail":{"file":"puzzle-1-150x150.jpg","width":150,"height":150,"mime-type":"image\/jpeg","url":"https:\/\/www.pelikanbasim.com\/wp-content\/uploads\/2022\/03\/puzzle-1-150x150.jpg"},"medium_large":{"file":"puzzle-1-768x768.jpg","width":768,"height":768,"mime-type":"image\/jpeg","url":"https:\/\/www.pelikanbasim.com\/wp-content\/uploads\/2022\/03\/puzzle-1-768x768.jpg"}},"image_meta":{"aperture":"0","credit":"","camera":"","caption":"","created_timestamp":"0","copyright":"","focal_length":"0","iso":"0","shutter_speed":"0","title":"","orientation":"0","keywords":[]},"ID":"239","name":"puzzle-1.jpg","path":"\/var\/www\/vhosts\/pelikanbasim.com\/httpdocs\/wp-content\/uploads\/2022\/03\/puzzle-1.jpg","url":"https:\/\/www.pelikanbasim.com\/wp-content\/uploads\/2022\/03\/puzzle-1-150x150.jpg","full_url":"https:\/\/www.pelikanbasim.com\/wp-content\/uploads\/2022\/03\/puzzle-1.jpg","title":"puzzle-1","caption":"","description":"","alt":"","srcset":"https:\/\/www.pelikanbasim.com\/wp-content\/uploads\/2022\/03\/puzzle-1-150x150.jpg 150w, https:\/\/www.pelikanbasim.com\/wp-content\/uploads\/2022\/03\/puzzle-1-300x300.jpg 300w, https:\/\/www.pelikanbasim.com\/wp-content\/uploads\/2022\/03\/puzzle-1-1024x1024.jpg 1024w, https:\/\/www.pelikanbasim.com\/wp-content\/uploads\/2022\/03\/puzzle-1-768x768.jpg 768w, https:\/\/www.pelikanbasim.com\/wp-content\/uploads\/2022\/03\/puzzle-1.jpg 1080w"},{"width":150,"height":150,"file":"2022\/03\/oyun-karti-2.jpg","sizes":{"medium":{"file":"oyun-karti-2-300x300.jpg","width":300,"height":300,"mime-type":"image\/jpeg","url":"https:\/\/www.pelikanbasim.com\/wp-content\/uploads\/2022\/03\/oyun-karti-2-300x300.jpg"},"large":{"file":"oyun-karti-2-1024x1024.jpg","width":1024,"height":1024,"mime-type":"image\/jpeg","url":"https:\/\/www.pelikanbasim.com\/wp-content\/uploads\/2022\/03\/oyun-karti-2-1024x1024.jpg"},"thumbnail":{"file":"oyun-karti-2-150x150.jpg","width":150,"height":150,"mime-type":"image\/jpeg","url":"https:\/\/www.pelikanbasim.com\/wp-content\/uploads\/2022\/03\/oyun-karti-2-150x150.jpg"},"medium_large":{"file":"oyun-karti-2-768x768.jpg","width":768,"height":768,"mime-type":"image\/jpeg","url":"https:\/\/www.pelikanbasim.com\/wp-content\/uploads\/2022\/03\/oyun-karti-2-768x768.jpg"}},"image_meta":{"aperture":"0","credit":"","camera":"","caption":"","created_timestamp":"0","copyright":"","focal_length":"0","iso":"0","shutter_speed":"0","title":"","orientation":"0","keywords":[]},"ID":"247","name":"oyun-karti-2.jpg","path":"\/var\/www\/vhosts\/pelikanbasim.com\/httpdocs\/wp-content\/uploads\/2022\/03\/oyun-karti-2.jpg","url":"https:\/\/www.pelikanbasim.com\/wp-content\/uploads\/2022\/03\/oyun-karti-2-150x150.jpg","full_url":"https:\/\/www.pelikanbasim.com\/wp-content\/uploads\/2022\/03\/oyun-karti-2.jpg","title":"oyun-karti-2","caption":"","description":"","alt":"","srcset":"https:\/\/www.pelikanbasim.com\/wp-content\/uploads\/2022\/03\/oyun-karti-2-150x150.jpg 150w, https:\/\/www.pelikanbasim.com\/wp-content\/uploads\/2022\/03\/oyun-karti-2-300x300.jpg 300w, https:\/\/www.pelikanbasim.com\/wp-content\/uploads\/2022\/03\/oyun-karti-2-1024x1024.jpg 1024w, https:\/\/www.pelikanbasim.com\/wp-content\/uploads\/2022\/03\/oyun-karti-2-768x768.jpg 768w, https:\/\/www.pelikanbasim.com\/wp-content\/uploads\/2022\/03\/oyun-karti-2.jpg 1080w"},{"width":150,"height":150,"file":"2022\/03\/stand.jpg","sizes":{"medium":{"file":"stand-300x300.jpg","width":300,"height":300,"mime-type":"image\/jpeg","url":"https:\/\/www.pelikanbasim.com\/wp-content\/uploads\/2022\/03\/stand-300x300.jpg"},"large":{"file":"stand-1024x1024.jpg","width":1024,"height":1024,"mime-type":"image\/jpeg","url":"https:\/\/www.pelikanbasim.com\/wp-content\/uploads\/2022\/03\/stand-1024x1024.jpg"},"thumbnail":{"file":"stand-150x150.jpg","width":150,"height":150,"mime-type":"image\/jpeg","url":"https:\/\/www.pelikanbasim.com\/wp-content\/uploads\/2022\/03\/stand-150x150.jpg"},"medium_large":{"file":"stand-768x768.jpg","width":768,"height":768,"mime-type":"image\/jpeg","url":"https:\/\/www.pelikanbasim.com\/wp-content\/uploads\/2022\/03\/stand-768x768.jpg"}},"image_meta":{"aperture":"0","credit":"","camera":"","caption":"","created_timestamp":"0","copyright":"","focal_length":"0","iso":"0","shutter_speed":"0","title":"","orientation":"0","keywords":[]},"ID":"251","name":"stand.jpg","path":"\/var\/www\/vhosts\/pelikanbasim.com\/httpdocs\/wp-content\/uploads\/2022\/03\/stand.jpg","url":"https:\/\/www.pelikanbasim.com\/wp-content\/uploads\/2022\/03\/stand-150x150.jpg","full_url":"https:\/\/www.pelikanbasim.com\/wp-content\/uploads\/2022\/03\/stand.jpg","title":"stand","caption":"","description":"","alt":"","srcset":"https:\/\/www.pelikanbasim.com\/wp-content\/uploads\/2022\/03\/stand-150x150.jpg 150w, https:\/\/www.pelikanbasim.com\/wp-content\/uploads\/2022\/03\/stand-300x300.jpg 300w, https:\/\/www.pelikanbasim.com\/wp-content\/uploads\/2022\/03\/stand-1024x1024.jpg 1024w, https:\/\/www.pelikanbasim.com\/wp-content\/uploads\/2022\/03\/stand-768x768.jpg 768w, https:\/\/www.pelikanbasim.com\/wp-content\/uploads\/2022\/03\/stand.jpg 1080w"},{"width":150,"height":150,"file":"2022\/03\/oyun-karti-1.jpg","sizes":{"medium":{"file":"oyun-karti-1-300x300.jpg","width":300,"height":300,"mime-type":"image\/jpeg","url":"https:\/\/www.pelikanbasim.com\/wp-content\/uploads\/2022\/03\/oyun-karti-1-300x300.jpg"},"large":{"file":"oyun-karti-1-1024x1024.jpg","width":1024,"height":1024,"mime-type":"image\/jpeg","url":"https:\/\/www.pelikanbasim.com\/wp-content\/uploads\/2022\/03\/oyun-karti-1-1024x1024.jpg"},"thumbnail":{"file":"oyun-karti-1-150x150.jpg","width":150,"height":150,"mime-type":"image\/jpeg","url":"https:\/\/www.pelikanbasim.com\/wp-content\/uploads\/2022\/03\/oyun-karti-1-150x150.jpg"},"medium_large":{"file":"oyun-karti-1-768x768.jpg","width":768,"height":768,"mime-type":"image\/jpeg","url":"https:\/\/www.pelikanbasim.com\/wp-content\/uploads\/2022\/03\/oyun-karti-1-768x768.jpg"}},"image_meta":{"aperture":"0","credit":"","camera":"","caption":"","created_timestamp":"0","copyright":"","focal_length":"0","iso":"0","shutter_speed":"0","title":"","orientation":"0","keywords":[]},"ID":"252","name":"oyun-karti-1.jpg","path":"\/var\/www\/vhosts\/pelikanbasim.com\/httpdocs\/wp-content\/uploads\/2022\/03\/oyun-karti-1.jpg","url":"https:\/\/www.pelikanbasim.com\/wp-content\/uploads\/2022\/03\/oyun-karti-1-150x150.jpg","full_url":"https:\/\/www.pelikanbasim.com\/wp-content\/uploads\/2022\/03\/oyun-karti-1.jpg","title":"oyun-karti-1","caption":"","description":"","alt":"","srcset":"https:\/\/www.pelikanbasim.com\/wp-content\/uploads\/2022\/03\/oyun-karti-1-150x150.jpg 150w, https:\/\/www.pelikanbasim.com\/wp-content\/uploads\/2022\/03\/oyun-karti-1-300x300.jpg 300w, https:\/\/www.pelikanbasim.com\/wp-content\/uploads\/2022\/03\/oyun-karti-1-1024x1024.jpg 1024w, https:\/\/www.pelikanbasim.com\/wp-content\/uploads\/2022\/03\/oyun-karti-1-768x768.jpg 768w, https:\/\/www.pelikanbasim.com\/wp-content\/uploads\/2022\/03\/oyun-karti-1.jpg 1080w"}],"kategori_aciklamasi":"Ein Puzzle ist eine Art Spielzeug, das aus Teilen besteht, in denen versucht wird, ein Bild oder eine Fotografie zusammenzusetzen. Es gibt viele Arten von Puzzles nach Schwierigkeitsgrad, Anzahl der Teile und Gr\u00f6\u00dfe. Puzzleteile haben keine allgemeine Form. Es gibt viele Marken, die Puzzles herstellen. Produkte verschiedener Marken k\u00f6nnen leicht variieren. Unterschiede wie die Schnittqualit\u00e4t der Teile, die Lebendigkeit der Farben, die Tatsache, dass ein Teil nirgendwo anders hinpasst, k\u00f6nnen von Marke zu Marke variieren. Der Schwierigkeitsgrad h\u00e4ngt von der Anzahl der Teile und Farben ab. Zum Beispiel ist das Abschlie\u00dfen eines Puzzles in vielen verschiedenen Farben viel einfacher als ein Schwarz-Wei\u00df-Puzzle. Schwierigkeitsgrad und Zeit, um das Puzzle zu vervollst\u00e4ndigen nehmen mit zunehmender Anzahl der Teile zu. Puzzles von 50, 100, 150, 200, 500, 1000, 1500, 2000, 3000 Teilen sind oft auf dem Markt zu finden. Es gibt auch Puzzles von 5.000, 10.000, 20.000 und 24.000 Teilen. Der einfachste Weg, ein Puzzle zu vervollst\u00e4ndigen, besteht darin, zuerst seinen Rahmen zu konstruieren.","kategori_imaji":[{"width":150,"height":150,"file":"2022\/03\/puzzle.png","sizes":{"medium":{"file":"puzzle-205x300.png","width":205,"height":300,"mime-type":"image\/png","url":"https:\/\/www.pelikanbasim.com\/wp-content\/uploads\/2022\/03\/puzzle-205x300.png"},"thumbnail":{"file":"puzzle-150x150.png","width":150,"height":150,"mime-type":"image\/png","url":"https:\/\/www.pelikanbasim.com\/wp-content\/uploads\/2022\/03\/puzzle-150x150.png"}},"image_meta":{"aperture":"0","credit":"","camera":"","caption":"","created_timestamp":"0","copyright":"","focal_length":"0","iso":"0","shutter_speed":"0","title":"","orientation":"0","keywords":[]},"ID":"293","name":"puzzle.png","path":"\/var\/www\/vhosts\/pelikanbasim.com\/httpdocs\/wp-content\/uploads\/2022\/03\/puzzle.png","url":"https:\/\/www.pelikanbasim.com\/wp-content\/uploads\/2022\/03\/puzzle-150x150.png","full_url":"https:\/\/www.pelikanbasim.com\/wp-content\/uploads\/2022\/03\/puzzle.png","title":"puzzle","caption":"","description":"","alt":"puzzle","srcset":false}],"kategori_aciklama_basligi":"BEI UNS MACHT PUZZELN MEHR SPASS","select_7nvzvvyvcsl":"60","anasayfa_galeri_grup":[]},"_links":{"self":[{"href":"https:\/\/www.pelikanbasim.com\/de\/wp-json\/wp\/v2\/pages\/997","targetHints":{"allow":["GET"]}}],"collection":[{"href":"https:\/\/www.pelikanbasim.com\/de\/wp-json\/wp\/v2\/pages"}],"about":[{"href":"https:\/\/www.pelikanbasim.com\/de\/wp-json\/wp\/v2\/types\/page"}],"author":[{"embeddable":true,"href":"https:\/\/www.pelikanbasim.com\/de\/wp-json\/wp\/v2\/users\/1"}],"replies":[{"embeddable":true,"href":"https:\/\/www.pelikanbasim.com\/de\/wp-json\/wp\/v2\/comments?post=997"}],"version-history":[{"count":1,"href":"https:\/\/www.pelikanbasim.com\/de\/wp-json\/wp\/v2\/pages\/997\/revisions"}],"predecessor-version":[{"id":998,"href":"https:\/\/www.pelikanbasim.com\/de\/wp-json\/wp\/v2\/pages\/997\/revisions\/998"}],"wp:featuredmedia":[{"embeddable":true,"href":"https:\/\/www.pelikanbasim.com\/de\/wp-json\/wp\/v2\/media\/955"}],"wp:attachment":[{"href":"https:\/\/www.pelikanbasim.com\/de\/wp-json\/wp\/v2\/media?parent=997"}],"curies":[{"name":"wp","href":"https:\/\/api.w.org\/{rel}","templated":true}]}}