{"id":995,"date":"2022-03-11T20:18:12","date_gmt":"2022-03-11T20:18:12","guid":{"rendered":"https:\/\/www.pelikanbasim.com\/oyun-kartlari\/"},"modified":"2022-12-30T20:21:40","modified_gmt":"2022-12-30T20:21:40","slug":"spielkarten","status":"publish","type":"page","link":"https:\/\/www.pelikanbasim.com\/de\/spielkarten\/","title":{"rendered":"SPIELKARTEN"},"content":{"rendered":"","protected":false},"excerpt":{"rendered":"","protected":false},"author":1,"featured_media":957,"parent":0,"menu_order":0,"comment_status":"closed","ping_status":"closed","template":"","meta":{"inline_featured_image":false,"footnotes":""},"class_list":["post-995","page","type-page","status-publish","has-post-thumbnail","hentry"],"meta_box":{"kategori_galeri":[{"width":150,"height":150,"file":"2022\/03\/oyun-karti-7.jpg","sizes":{"medium":{"file":"oyun-karti-7-300x300.jpg","width":300,"height":300,"mime-type":"image\/jpeg","url":"https:\/\/www.pelikanbasim.com\/wp-content\/uploads\/2022\/03\/oyun-karti-7-300x300.jpg"},"large":{"file":"oyun-karti-7-1024x1024.jpg","width":1024,"height":1024,"mime-type":"image\/jpeg","url":"https:\/\/www.pelikanbasim.com\/wp-content\/uploads\/2022\/03\/oyun-karti-7-1024x1024.jpg"},"thumbnail":{"file":"oyun-karti-7-150x150.jpg","width":150,"height":150,"mime-type":"image\/jpeg","url":"https:\/\/www.pelikanbasim.com\/wp-content\/uploads\/2022\/03\/oyun-karti-7-150x150.jpg"},"medium_large":{"file":"oyun-karti-7-768x768.jpg","width":768,"height":768,"mime-type":"image\/jpeg","url":"https:\/\/www.pelikanbasim.com\/wp-content\/uploads\/2022\/03\/oyun-karti-7-768x768.jpg"}},"image_meta":{"aperture":"0","credit":"","camera":"","caption":"","created_timestamp":"0","copyright":"","focal_length":"0","iso":"0","shutter_speed":"0","title":"","orientation":"0","keywords":[]},"ID":"220","name":"oyun-karti-7.jpg","path":"\/var\/www\/vhosts\/pelikanbasim.com\/httpdocs\/wp-content\/uploads\/2022\/03\/oyun-karti-7.jpg","url":"https:\/\/www.pelikanbasim.com\/wp-content\/uploads\/2022\/03\/oyun-karti-7-150x150.jpg","full_url":"https:\/\/www.pelikanbasim.com\/wp-content\/uploads\/2022\/03\/oyun-karti-7.jpg","title":"oyun-karti-7","caption":"","description":"","alt":"","srcset":"https:\/\/www.pelikanbasim.com\/wp-content\/uploads\/2022\/03\/oyun-karti-7-150x150.jpg 150w, https:\/\/www.pelikanbasim.com\/wp-content\/uploads\/2022\/03\/oyun-karti-7-300x300.jpg 300w, https:\/\/www.pelikanbasim.com\/wp-content\/uploads\/2022\/03\/oyun-karti-7-1024x1024.jpg 1024w, https:\/\/www.pelikanbasim.com\/wp-content\/uploads\/2022\/03\/oyun-karti-7-768x768.jpg 768w, https:\/\/www.pelikanbasim.com\/wp-content\/uploads\/2022\/03\/oyun-karti-7.jpg 1080w"},{"width":150,"height":150,"file":"2022\/03\/kutu-2.jpg","sizes":{"medium":{"file":"kutu-2-300x300.jpg","width":300,"height":300,"mime-type":"image\/jpeg","url":"https:\/\/www.pelikanbasim.com\/wp-content\/uploads\/2022\/03\/kutu-2-300x300.jpg"},"large":{"file":"kutu-2-1024x1024.jpg","width":1024,"height":1024,"mime-type":"image\/jpeg","url":"https:\/\/www.pelikanbasim.com\/wp-content\/uploads\/2022\/03\/kutu-2-1024x1024.jpg"},"thumbnail":{"file":"kutu-2-150x150.jpg","width":150,"height":150,"mime-type":"image\/jpeg","url":"https:\/\/www.pelikanbasim.com\/wp-content\/uploads\/2022\/03\/kutu-2-150x150.jpg"},"medium_large":{"file":"kutu-2-768x768.jpg","width":768,"height":768,"mime-type":"image\/jpeg","url":"https:\/\/www.pelikanbasim.com\/wp-content\/uploads\/2022\/03\/kutu-2-768x768.jpg"}},"image_meta":{"aperture":"0","credit":"","camera":"","caption":"","created_timestamp":"0","copyright":"","focal_length":"0","iso":"0","shutter_speed":"0","title":"","orientation":"0","keywords":[]},"ID":"225","name":"kutu-2.jpg","path":"\/var\/www\/vhosts\/pelikanbasim.com\/httpdocs\/wp-content\/uploads\/2022\/03\/kutu-2.jpg","url":"https:\/\/www.pelikanbasim.com\/wp-content\/uploads\/2022\/03\/kutu-2-150x150.jpg","full_url":"https:\/\/www.pelikanbasim.com\/wp-content\/uploads\/2022\/03\/kutu-2.jpg","title":"kutu-2","caption":"","description":"","alt":"","srcset":"https:\/\/www.pelikanbasim.com\/wp-content\/uploads\/2022\/03\/kutu-2-150x150.jpg 150w, https:\/\/www.pelikanbasim.com\/wp-content\/uploads\/2022\/03\/kutu-2-300x300.jpg 300w, https:\/\/www.pelikanbasim.com\/wp-content\/uploads\/2022\/03\/kutu-2-1024x1024.jpg 1024w, https:\/\/www.pelikanbasim.com\/wp-content\/uploads\/2022\/03\/kutu-2-768x768.jpg 768w, https:\/\/www.pelikanbasim.com\/wp-content\/uploads\/2022\/03\/kutu-2.jpg 1080w"},{"width":150,"height":150,"file":"2022\/03\/oyun-karti-2.jpg","sizes":{"medium":{"file":"oyun-karti-2-300x300.jpg","width":300,"height":300,"mime-type":"image\/jpeg","url":"https:\/\/www.pelikanbasim.com\/wp-content\/uploads\/2022\/03\/oyun-karti-2-300x300.jpg"},"large":{"file":"oyun-karti-2-1024x1024.jpg","width":1024,"height":1024,"mime-type":"image\/jpeg","url":"https:\/\/www.pelikanbasim.com\/wp-content\/uploads\/2022\/03\/oyun-karti-2-1024x1024.jpg"},"thumbnail":{"file":"oyun-karti-2-150x150.jpg","width":150,"height":150,"mime-type":"image\/jpeg","url":"https:\/\/www.pelikanbasim.com\/wp-content\/uploads\/2022\/03\/oyun-karti-2-150x150.jpg"},"medium_large":{"file":"oyun-karti-2-768x768.jpg","width":768,"height":768,"mime-type":"image\/jpeg","url":"https:\/\/www.pelikanbasim.com\/wp-content\/uploads\/2022\/03\/oyun-karti-2-768x768.jpg"}},"image_meta":{"aperture":"0","credit":"","camera":"","caption":"","created_timestamp":"0","copyright":"","focal_length":"0","iso":"0","shutter_speed":"0","title":"","orientation":"0","keywords":[]},"ID":"247","name":"oyun-karti-2.jpg","path":"\/var\/www\/vhosts\/pelikanbasim.com\/httpdocs\/wp-content\/uploads\/2022\/03\/oyun-karti-2.jpg","url":"https:\/\/www.pelikanbasim.com\/wp-content\/uploads\/2022\/03\/oyun-karti-2-150x150.jpg","full_url":"https:\/\/www.pelikanbasim.com\/wp-content\/uploads\/2022\/03\/oyun-karti-2.jpg","title":"oyun-karti-2","caption":"","description":"","alt":"","srcset":"https:\/\/www.pelikanbasim.com\/wp-content\/uploads\/2022\/03\/oyun-karti-2-150x150.jpg 150w, https:\/\/www.pelikanbasim.com\/wp-content\/uploads\/2022\/03\/oyun-karti-2-300x300.jpg 300w, https:\/\/www.pelikanbasim.com\/wp-content\/uploads\/2022\/03\/oyun-karti-2-1024x1024.jpg 1024w, https:\/\/www.pelikanbasim.com\/wp-content\/uploads\/2022\/03\/oyun-karti-2-768x768.jpg 768w, https:\/\/www.pelikanbasim.com\/wp-content\/uploads\/2022\/03\/oyun-karti-2.jpg 1080w"},{"width":150,"height":150,"file":"2022\/03\/kutu-1.jpg","sizes":{"medium":{"file":"kutu-1-300x300.jpg","width":300,"height":300,"mime-type":"image\/jpeg","url":"https:\/\/www.pelikanbasim.com\/wp-content\/uploads\/2022\/03\/kutu-1-300x300.jpg"},"large":{"file":"kutu-1-1024x1024.jpg","width":1024,"height":1024,"mime-type":"image\/jpeg","url":"https:\/\/www.pelikanbasim.com\/wp-content\/uploads\/2022\/03\/kutu-1-1024x1024.jpg"},"thumbnail":{"file":"kutu-1-150x150.jpg","width":150,"height":150,"mime-type":"image\/jpeg","url":"https:\/\/www.pelikanbasim.com\/wp-content\/uploads\/2022\/03\/kutu-1-150x150.jpg"},"medium_large":{"file":"kutu-1-768x768.jpg","width":768,"height":768,"mime-type":"image\/jpeg","url":"https:\/\/www.pelikanbasim.com\/wp-content\/uploads\/2022\/03\/kutu-1-768x768.jpg"}},"image_meta":{"aperture":"0","credit":"","camera":"","caption":"","created_timestamp":"0","copyright":"","focal_length":"0","iso":"0","shutter_speed":"0","title":"","orientation":"0","keywords":[]},"ID":"243","name":"kutu-1.jpg","path":"\/var\/www\/vhosts\/pelikanbasim.com\/httpdocs\/wp-content\/uploads\/2022\/03\/kutu-1.jpg","url":"https:\/\/www.pelikanbasim.com\/wp-content\/uploads\/2022\/03\/kutu-1-150x150.jpg","full_url":"https:\/\/www.pelikanbasim.com\/wp-content\/uploads\/2022\/03\/kutu-1.jpg","title":"kutu-1","caption":"","description":"","alt":"","srcset":"https:\/\/www.pelikanbasim.com\/wp-content\/uploads\/2022\/03\/kutu-1-150x150.jpg 150w, https:\/\/www.pelikanbasim.com\/wp-content\/uploads\/2022\/03\/kutu-1-300x300.jpg 300w, https:\/\/www.pelikanbasim.com\/wp-content\/uploads\/2022\/03\/kutu-1-1024x1024.jpg 1024w, https:\/\/www.pelikanbasim.com\/wp-content\/uploads\/2022\/03\/kutu-1-768x768.jpg 768w, https:\/\/www.pelikanbasim.com\/wp-content\/uploads\/2022\/03\/kutu-1.jpg 1080w"},{"width":150,"height":150,"file":"2022\/03\/oyun-karti-3.jpg","sizes":{"medium":{"file":"oyun-karti-3-300x300.jpg","width":300,"height":300,"mime-type":"image\/jpeg","url":"https:\/\/www.pelikanbasim.com\/wp-content\/uploads\/2022\/03\/oyun-karti-3-300x300.jpg"},"large":{"file":"oyun-karti-3-1024x1024.jpg","width":1024,"height":1024,"mime-type":"image\/jpeg","url":"https:\/\/www.pelikanbasim.com\/wp-content\/uploads\/2022\/03\/oyun-karti-3-1024x1024.jpg"},"thumbnail":{"file":"oyun-karti-3-150x150.jpg","width":150,"height":150,"mime-type":"image\/jpeg","url":"https:\/\/www.pelikanbasim.com\/wp-content\/uploads\/2022\/03\/oyun-karti-3-150x150.jpg"},"medium_large":{"file":"oyun-karti-3-768x768.jpg","width":768,"height":768,"mime-type":"image\/jpeg","url":"https:\/\/www.pelikanbasim.com\/wp-content\/uploads\/2022\/03\/oyun-karti-3-768x768.jpg"}},"image_meta":{"aperture":"0","credit":"","camera":"","caption":"","created_timestamp":"0","copyright":"","focal_length":"0","iso":"0","shutter_speed":"0","title":"","orientation":"0","keywords":[]},"ID":"229","name":"oyun-karti-3.jpg","path":"\/var\/www\/vhosts\/pelikanbasim.com\/httpdocs\/wp-content\/uploads\/2022\/03\/oyun-karti-3.jpg","url":"https:\/\/www.pelikanbasim.com\/wp-content\/uploads\/2022\/03\/oyun-karti-3-150x150.jpg","full_url":"https:\/\/www.pelikanbasim.com\/wp-content\/uploads\/2022\/03\/oyun-karti-3.jpg","title":"oyun-karti-3","caption":"","description":"","alt":"","srcset":"https:\/\/www.pelikanbasim.com\/wp-content\/uploads\/2022\/03\/oyun-karti-3-150x150.jpg 150w, https:\/\/www.pelikanbasim.com\/wp-content\/uploads\/2022\/03\/oyun-karti-3-300x300.jpg 300w, https:\/\/www.pelikanbasim.com\/wp-content\/uploads\/2022\/03\/oyun-karti-3-1024x1024.jpg 1024w, https:\/\/www.pelikanbasim.com\/wp-content\/uploads\/2022\/03\/oyun-karti-3-768x768.jpg 768w, https:\/\/www.pelikanbasim.com\/wp-content\/uploads\/2022\/03\/oyun-karti-3.jpg 1080w"},{"width":150,"height":150,"file":"2022\/03\/oyun-karti-4.jpg","sizes":{"medium":{"file":"oyun-karti-4-300x300.jpg","width":300,"height":300,"mime-type":"image\/jpeg","url":"https:\/\/www.pelikanbasim.com\/wp-content\/uploads\/2022\/03\/oyun-karti-4-300x300.jpg"},"large":{"file":"oyun-karti-4-1024x1024.jpg","width":1024,"height":1024,"mime-type":"image\/jpeg","url":"https:\/\/www.pelikanbasim.com\/wp-content\/uploads\/2022\/03\/oyun-karti-4-1024x1024.jpg"},"thumbnail":{"file":"oyun-karti-4-150x150.jpg","width":150,"height":150,"mime-type":"image\/jpeg","url":"https:\/\/www.pelikanbasim.com\/wp-content\/uploads\/2022\/03\/oyun-karti-4-150x150.jpg"},"medium_large":{"file":"oyun-karti-4-768x768.jpg","width":768,"height":768,"mime-type":"image\/jpeg","url":"https:\/\/www.pelikanbasim.com\/wp-content\/uploads\/2022\/03\/oyun-karti-4-768x768.jpg"}},"image_meta":{"aperture":"0","credit":"","camera":"","caption":"","created_timestamp":"0","copyright":"","focal_length":"0","iso":"0","shutter_speed":"0","title":"","orientation":"0","keywords":[]},"ID":"228","name":"oyun-karti-4.jpg","path":"\/var\/www\/vhosts\/pelikanbasim.com\/httpdocs\/wp-content\/uploads\/2022\/03\/oyun-karti-4.jpg","url":"https:\/\/www.pelikanbasim.com\/wp-content\/uploads\/2022\/03\/oyun-karti-4-150x150.jpg","full_url":"https:\/\/www.pelikanbasim.com\/wp-content\/uploads\/2022\/03\/oyun-karti-4.jpg","title":"oyun-karti-4","caption":"","description":"","alt":"","srcset":"https:\/\/www.pelikanbasim.com\/wp-content\/uploads\/2022\/03\/oyun-karti-4-150x150.jpg 150w, https:\/\/www.pelikanbasim.com\/wp-content\/uploads\/2022\/03\/oyun-karti-4-300x300.jpg 300w, https:\/\/www.pelikanbasim.com\/wp-content\/uploads\/2022\/03\/oyun-karti-4-1024x1024.jpg 1024w, https:\/\/www.pelikanbasim.com\/wp-content\/uploads\/2022\/03\/oyun-karti-4-768x768.jpg 768w, https:\/\/www.pelikanbasim.com\/wp-content\/uploads\/2022\/03\/oyun-karti-4.jpg 1080w"},{"width":150,"height":150,"file":"2022\/03\/oyun-karti-5.jpg","sizes":{"medium":{"file":"oyun-karti-5-300x300.jpg","width":300,"height":300,"mime-type":"image\/jpeg","url":"https:\/\/www.pelikanbasim.com\/wp-content\/uploads\/2022\/03\/oyun-karti-5-300x300.jpg"},"large":{"file":"oyun-karti-5-1024x1024.jpg","width":1024,"height":1024,"mime-type":"image\/jpeg","url":"https:\/\/www.pelikanbasim.com\/wp-content\/uploads\/2022\/03\/oyun-karti-5-1024x1024.jpg"},"thumbnail":{"file":"oyun-karti-5-150x150.jpg","width":150,"height":150,"mime-type":"image\/jpeg","url":"https:\/\/www.pelikanbasim.com\/wp-content\/uploads\/2022\/03\/oyun-karti-5-150x150.jpg"},"medium_large":{"file":"oyun-karti-5-768x768.jpg","width":768,"height":768,"mime-type":"image\/jpeg","url":"https:\/\/www.pelikanbasim.com\/wp-content\/uploads\/2022\/03\/oyun-karti-5-768x768.jpg"}},"image_meta":{"aperture":"0","credit":"","camera":"","caption":"","created_timestamp":"0","copyright":"","focal_length":"0","iso":"0","shutter_speed":"0","title":"","orientation":"0","keywords":[]},"ID":"227","name":"oyun-karti-5.jpg","path":"\/var\/www\/vhosts\/pelikanbasim.com\/httpdocs\/wp-content\/uploads\/2022\/03\/oyun-karti-5.jpg","url":"https:\/\/www.pelikanbasim.com\/wp-content\/uploads\/2022\/03\/oyun-karti-5-150x150.jpg","full_url":"https:\/\/www.pelikanbasim.com\/wp-content\/uploads\/2022\/03\/oyun-karti-5.jpg","title":"oyun-karti-5","caption":"","description":"","alt":"","srcset":"https:\/\/www.pelikanbasim.com\/wp-content\/uploads\/2022\/03\/oyun-karti-5-150x150.jpg 150w, https:\/\/www.pelikanbasim.com\/wp-content\/uploads\/2022\/03\/oyun-karti-5-300x300.jpg 300w, https:\/\/www.pelikanbasim.com\/wp-content\/uploads\/2022\/03\/oyun-karti-5-1024x1024.jpg 1024w, https:\/\/www.pelikanbasim.com\/wp-content\/uploads\/2022\/03\/oyun-karti-5-768x768.jpg 768w, https:\/\/www.pelikanbasim.com\/wp-content\/uploads\/2022\/03\/oyun-karti-5.jpg 1080w"},{"width":150,"height":150,"file":"2022\/03\/origami-kagidi.jpg","sizes":{"medium":{"file":"origami-kagidi-300x300.jpg","width":300,"height":300,"mime-type":"image\/jpeg","url":"https:\/\/www.pelikanbasim.com\/wp-content\/uploads\/2022\/03\/origami-kagidi-300x300.jpg"},"large":{"file":"origami-kagidi-1024x1024.jpg","width":1024,"height":1024,"mime-type":"image\/jpeg","url":"https:\/\/www.pelikanbasim.com\/wp-content\/uploads\/2022\/03\/origami-kagidi-1024x1024.jpg"},"thumbnail":{"file":"origami-kagidi-150x150.jpg","width":150,"height":150,"mime-type":"image\/jpeg","url":"https:\/\/www.pelikanbasim.com\/wp-content\/uploads\/2022\/03\/origami-kagidi-150x150.jpg"},"medium_large":{"file":"origami-kagidi-768x768.jpg","width":768,"height":768,"mime-type":"image\/jpeg","url":"https:\/\/www.pelikanbasim.com\/wp-content\/uploads\/2022\/03\/origami-kagidi-768x768.jpg"}},"image_meta":{"aperture":"0","credit":"","camera":"","caption":"","created_timestamp":"0","copyright":"","focal_length":"0","iso":"0","shutter_speed":"0","title":"","orientation":"0","keywords":[]},"ID":"248","name":"origami-kagidi.jpg","path":"\/var\/www\/vhosts\/pelikanbasim.com\/httpdocs\/wp-content\/uploads\/2022\/03\/origami-kagidi.jpg","url":"https:\/\/www.pelikanbasim.com\/wp-content\/uploads\/2022\/03\/origami-kagidi-150x150.jpg","full_url":"https:\/\/www.pelikanbasim.com\/wp-content\/uploads\/2022\/03\/origami-kagidi.jpg","title":"origami-kagidi","caption":"","description":"","alt":"","srcset":"https:\/\/www.pelikanbasim.com\/wp-content\/uploads\/2022\/03\/origami-kagidi-150x150.jpg 150w, https:\/\/www.pelikanbasim.com\/wp-content\/uploads\/2022\/03\/origami-kagidi-300x300.jpg 300w, https:\/\/www.pelikanbasim.com\/wp-content\/uploads\/2022\/03\/origami-kagidi-1024x1024.jpg 1024w, https:\/\/www.pelikanbasim.com\/wp-content\/uploads\/2022\/03\/origami-kagidi-768x768.jpg 768w, https:\/\/www.pelikanbasim.com\/wp-content\/uploads\/2022\/03\/origami-kagidi.jpg 1080w"},{"width":150,"height":150,"file":"2022\/03\/oyun-karti-6.jpg","sizes":{"medium":{"file":"oyun-karti-6-300x300.jpg","width":300,"height":300,"mime-type":"image\/jpeg","url":"https:\/\/www.pelikanbasim.com\/wp-content\/uploads\/2022\/03\/oyun-karti-6-300x300.jpg"},"large":{"file":"oyun-karti-6-1024x1024.jpg","width":1024,"height":1024,"mime-type":"image\/jpeg","url":"https:\/\/www.pelikanbasim.com\/wp-content\/uploads\/2022\/03\/oyun-karti-6-1024x1024.jpg"},"thumbnail":{"file":"oyun-karti-6-150x150.jpg","width":150,"height":150,"mime-type":"image\/jpeg","url":"https:\/\/www.pelikanbasim.com\/wp-content\/uploads\/2022\/03\/oyun-karti-6-150x150.jpg"},"medium_large":{"file":"oyun-karti-6-768x768.jpg","width":768,"height":768,"mime-type":"image\/jpeg","url":"https:\/\/www.pelikanbasim.com\/wp-content\/uploads\/2022\/03\/oyun-karti-6-768x768.jpg"}},"image_meta":{"aperture":"0","credit":"","camera":"","caption":"","created_timestamp":"0","copyright":"","focal_length":"0","iso":"0","shutter_speed":"0","title":"","orientation":"0","keywords":[]},"ID":"226","name":"oyun-karti-6.jpg","path":"\/var\/www\/vhosts\/pelikanbasim.com\/httpdocs\/wp-content\/uploads\/2022\/03\/oyun-karti-6.jpg","url":"https:\/\/www.pelikanbasim.com\/wp-content\/uploads\/2022\/03\/oyun-karti-6-150x150.jpg","full_url":"https:\/\/www.pelikanbasim.com\/wp-content\/uploads\/2022\/03\/oyun-karti-6.jpg","title":"oyun-karti-6","caption":"","description":"","alt":"","srcset":"https:\/\/www.pelikanbasim.com\/wp-content\/uploads\/2022\/03\/oyun-karti-6-150x150.jpg 150w, https:\/\/www.pelikanbasim.com\/wp-content\/uploads\/2022\/03\/oyun-karti-6-300x300.jpg 300w, https:\/\/www.pelikanbasim.com\/wp-content\/uploads\/2022\/03\/oyun-karti-6-1024x1024.jpg 1024w, https:\/\/www.pelikanbasim.com\/wp-content\/uploads\/2022\/03\/oyun-karti-6-768x768.jpg 768w, https:\/\/www.pelikanbasim.com\/wp-content\/uploads\/2022\/03\/oyun-karti-6.jpg 1080w"},{"width":150,"height":150,"file":"2022\/03\/oyun-karti-1.jpg","sizes":{"medium":{"file":"oyun-karti-1-300x300.jpg","width":300,"height":300,"mime-type":"image\/jpeg","url":"https:\/\/www.pelikanbasim.com\/wp-content\/uploads\/2022\/03\/oyun-karti-1-300x300.jpg"},"large":{"file":"oyun-karti-1-1024x1024.jpg","width":1024,"height":1024,"mime-type":"image\/jpeg","url":"https:\/\/www.pelikanbasim.com\/wp-content\/uploads\/2022\/03\/oyun-karti-1-1024x1024.jpg"},"thumbnail":{"file":"oyun-karti-1-150x150.jpg","width":150,"height":150,"mime-type":"image\/jpeg","url":"https:\/\/www.pelikanbasim.com\/wp-content\/uploads\/2022\/03\/oyun-karti-1-150x150.jpg"},"medium_large":{"file":"oyun-karti-1-768x768.jpg","width":768,"height":768,"mime-type":"image\/jpeg","url":"https:\/\/www.pelikanbasim.com\/wp-content\/uploads\/2022\/03\/oyun-karti-1-768x768.jpg"}},"image_meta":{"aperture":"0","credit":"","camera":"","caption":"","created_timestamp":"0","copyright":"","focal_length":"0","iso":"0","shutter_speed":"0","title":"","orientation":"0","keywords":[]},"ID":"252","name":"oyun-karti-1.jpg","path":"\/var\/www\/vhosts\/pelikanbasim.com\/httpdocs\/wp-content\/uploads\/2022\/03\/oyun-karti-1.jpg","url":"https:\/\/www.pelikanbasim.com\/wp-content\/uploads\/2022\/03\/oyun-karti-1-150x150.jpg","full_url":"https:\/\/www.pelikanbasim.com\/wp-content\/uploads\/2022\/03\/oyun-karti-1.jpg","title":"oyun-karti-1","caption":"","description":"","alt":"","srcset":"https:\/\/www.pelikanbasim.com\/wp-content\/uploads\/2022\/03\/oyun-karti-1-150x150.jpg 150w, https:\/\/www.pelikanbasim.com\/wp-content\/uploads\/2022\/03\/oyun-karti-1-300x300.jpg 300w, https:\/\/www.pelikanbasim.com\/wp-content\/uploads\/2022\/03\/oyun-karti-1-1024x1024.jpg 1024w, https:\/\/www.pelikanbasim.com\/wp-content\/uploads\/2022\/03\/oyun-karti-1-768x768.jpg 768w, https:\/\/www.pelikanbasim.com\/wp-content\/uploads\/2022\/03\/oyun-karti-1.jpg 1080w"}],"kategori_aciklamasi":"Es gibt 13 Karten f\u00fcr jedes Symbol aus 4 Symbolen. Dies sind Zahlen von 1 bis 10, gefolgt von Buben (Unter), M\u00e4dchen (Mutter) und K\u00f6nig (rua). Die Symbole stammen von Tarotkarten. Die Herzen stammen von den Herzen im Tarot, die Spaten von den Schwertern im Tarot, die Karo von den Talismanen im Tarot und die Kreuze von den Zauberst\u00e4ben im Tarot. Ein weiteres Ger\u00fccht ist \u00fcber die K\u00f6nige. Nach Ger\u00fcchten symbolisieren K\u00f6nige historische Pers\u00f6nlichkeiten.","kategori_imaji":[{"width":150,"height":150,"file":"2022\/03\/oyun-kartlari.png","sizes":{"medium":{"file":"oyun-kartlari-300x172.png","width":300,"height":172,"mime-type":"image\/png","url":"https:\/\/www.pelikanbasim.com\/wp-content\/uploads\/2022\/03\/oyun-kartlari-300x172.png"},"thumbnail":{"file":"oyun-kartlari-150x150.png","width":150,"height":150,"mime-type":"image\/png","url":"https:\/\/www.pelikanbasim.com\/wp-content\/uploads\/2022\/03\/oyun-kartlari-150x150.png"}},"image_meta":{"aperture":"0","credit":"","camera":"","caption":"","created_timestamp":"0","copyright":"","focal_length":"0","iso":"0","shutter_speed":"0","title":"","orientation":"0","keywords":[]},"ID":"297","name":"oyun-kartlari.png","path":"\/var\/www\/vhosts\/pelikanbasim.com\/httpdocs\/wp-content\/uploads\/2022\/03\/oyun-kartlari.png","url":"https:\/\/www.pelikanbasim.com\/wp-content\/uploads\/2022\/03\/oyun-kartlari-150x150.png","full_url":"https:\/\/www.pelikanbasim.com\/wp-content\/uploads\/2022\/03\/oyun-kartlari.png","title":"oyun-kartlari","caption":"","description":"","alt":"","srcset":false}],"kategori_aciklama_basligi":"SPIELKARTEN F\u00dcR STUNDENLANGEN SPASS","select_7nvzvvyvcsl":"50","anasayfa_galeri_grup":[]},"_links":{"self":[{"href":"https:\/\/www.pelikanbasim.com\/de\/wp-json\/wp\/v2\/pages\/995","targetHints":{"allow":["GET"]}}],"collection":[{"href":"https:\/\/www.pelikanbasim.com\/de\/wp-json\/wp\/v2\/pages"}],"about":[{"href":"https:\/\/www.pelikanbasim.com\/de\/wp-json\/wp\/v2\/types\/page"}],"author":[{"embeddable":true,"href":"https:\/\/www.pelikanbasim.com\/de\/wp-json\/wp\/v2\/users\/1"}],"replies":[{"embeddable":true,"href":"https:\/\/www.pelikanbasim.com\/de\/wp-json\/wp\/v2\/comments?post=995"}],"version-history":[{"count":1,"href":"https:\/\/www.pelikanbasim.com\/de\/wp-json\/wp\/v2\/pages\/995\/revisions"}],"predecessor-version":[{"id":996,"href":"https:\/\/www.pelikanbasim.com\/de\/wp-json\/wp\/v2\/pages\/995\/revisions\/996"}],"wp:featuredmedia":[{"embeddable":true,"href":"https:\/\/www.pelikanbasim.com\/de\/wp-json\/wp\/v2\/media\/957"}],"wp:attachment":[{"href":"https:\/\/www.pelikanbasim.com\/de\/wp-json\/wp\/v2\/media?parent=995"}],"curies":[{"name":"wp","href":"https:\/\/api.w.org\/{rel}","templated":true}]}}